{"id":1221,"date":"2017-06-02T12:13:34","date_gmt":"2017-06-02T10:13:34","guid":{"rendered":"http:\/\/www.mudokwan.at\/mudowp\/?page_id=1221"},"modified":"2025-06-06T20:10:40","modified_gmt":"2025-06-06T18:10:40","slug":"impressum","status":"publish","type":"page","link":"https:\/\/www.mudokwan.at\/mudowp\/impressum\/","title":{"rendered":"Impressum"},"content":{"rendered":"<h4 style=\"text-align: center;\"><span style=\"color: #ff0000;\">IMPRESSUM<\/span><\/h4>\n<p style=\"text-align: center;\">MUDOKWAN Sportschule Wien &#8211; offizielle Homepage<\/p>\n<div class=\"container page container-49 clearfix\">\n<div class=\"text main text-46\">\n<p><strong>Inhaber und Herausgeber:<\/strong><\/p>\n<p>Dr. Norbert Mosch c\/o MUDOKWAN, 1030 Wien, Hohlweggasse 25\/3<\/p>\n<p>Tel.: (0650) 300 1693<\/p>\n<p>E-Mail: office(at)mudokwan.at<\/p>\n<p><strong>Bankverbindung:<\/strong> Erste Bank Wien<\/p>\n<p>IBAN: AT062011100002346680<\/p>\n<p>BIC: GIBAATWW<\/p>\n<p><strong>Haftung:<\/strong> Alle Informationen und Erkl\u00e4rungen dieser Internetseiten sind unverbindlich. F\u00fcr die Richtigkeit, Vollst\u00e4ndigkeit und Aktualit\u00e4t der Inhalte \u00fcbernehmen wir keine Gew\u00e4hr. Aus den Inhalten dieser Internetseiten ergeben sich keine Rechtsanspr\u00fcche. Fehler im Inhalt werden bei Kenntnis korrigiert.<\/p>\n<p><strong>Links:<\/strong> Der Herausgeber identifiziert sich nicht mit dem Inhalt der Seiten, auf die verwiesen wird und \u00fcbernimmt daf\u00fcr keine Haftung.<\/p>\n<p><strong>Copyright:<\/strong> \u00a9 Copyright 2001-2025 MudoData. Alle Rechte vorbehalten.<\/p>\n<p>Die Inhalte unserer Internetseiten sind urheberrechtlich gesch\u00fctzt. Es d\u00fcrfen keine Grafiken, Texte, Logos, Bilder vervielf\u00e4ltigt, kopiert, ge\u00e4ndert, ver\u00f6ffentlicht, versendet, \u00fcbertragen oder in sonstiger Form ohne Zustimmung genutzt werden.<\/p>\n<p>MUDOKWAN \u00ae ist ein eingetragenes Warenzeichen und als Marke urheberrechtlich gesch\u00fctzt. Der Name MUDOKWAN darf nur von dazu Berechtigten benutzt werden. Unsere Softwareprogramme, Design, Bilder, Texte und auch Teile davon sind urheberrechtlich gesch\u00fctzt und sind Eigentum von MudoData.<\/p>\n<p>Mehr Infos auf <a href=\"https:\/\/www.firma.at\/www.mudokwan.at_Wien-MUDOKWAN-Taekwondo-Wien-Kampfsportschule-Taekwondo-Ving-Tsun-Sued-Shaolin-Kung-Fu-Pencak-Silat-Wushu-Tai-Chi-Hosinsul-Nunchaku-Qi-Gong-Haidong-Gumdo-MUDOKWAN-Center-_3ae1189aef1dee0d16d614c80e3c5125\" target=\"_blank\" rel=\"noopener noreferrer\">www.firma.at<\/a>.<\/p>\n<\/div>\n<\/div>\n","protected":false},"excerpt":{"rendered":"<p>IMPRESSUM MUDOKWAN Sportschule Wien &#8211; offizielle Homepage Inhaber und Herausgeber: Dr. Norbert Mosch c\/o MUDOKWAN, 1030 Wien, Hohlweggasse 25\/3 Tel.: (0650) 300 1693 E-Mail: office(at)mudokwan.at Bankverbindung: Erste Bank Wien IBAN: AT062011100002346680 BIC: GIBAATWW Haftung: Alle Informationen und Erkl\u00e4rungen dieser Internetseiten sind unverbindlich. F\u00fcr die Richtigkeit, Vollst\u00e4ndigkeit und Aktualit\u00e4t der Inhalte \u00fcbernehmen wir keine Gew\u00e4hr. Aus [&hellip;]<\/p>\n","protected":false},"author":1,"featured_media":0,"parent":0,"menu_order":0,"comment_status":"closed","ping_status":"closed","template":"","meta":{"footnotes":""},"class_list":["post-1221","page","type-page","status-publish","hentry"],"_links":{"self":[{"href":"https:\/\/www.mudokwan.at\/mudowp\/wp-json\/wp\/v2\/pages\/1221","targetHints":{"allow":["GET"]}}],"collection":[{"href":"https:\/\/www.mudokwan.at\/mudowp\/wp-json\/wp\/v2\/pages"}],"about":[{"href":"https:\/\/www.mudokwan.at\/mudowp\/wp-json\/wp\/v2\/types\/page"}],"author":[{"embeddable":true,"href":"https:\/\/www.mudokwan.at\/mudowp\/wp-json\/wp\/v2\/users\/1"}],"replies":[{"embeddable":true,"href":"https:\/\/www.mudokwan.at\/mudowp\/wp-json\/wp\/v2\/comments?post=1221"}],"version-history":[{"count":7,"href":"https:\/\/www.mudokwan.at\/mudowp\/wp-json\/wp\/v2\/pages\/1221\/revisions"}],"predecessor-version":[{"id":3559,"href":"https:\/\/www.mudokwan.at\/mudowp\/wp-json\/wp\/v2\/pages\/1221\/revisions\/3559"}],"wp:attachment":[{"href":"https:\/\/www.mudokwan.at\/mudowp\/wp-json\/wp\/v2\/media?parent=1221"}],"curies":[{"name":"wp","href":"https:\/\/api.w.org\/{rel}","templated":true}]}}