{"id":1362,"date":"2018-01-30T11:59:23","date_gmt":"2018-01-30T10:59:23","guid":{"rendered":"http:\/\/www.mudokwan.at\/mudowp\/?page_id=1362"},"modified":"2025-06-06T20:11:15","modified_gmt":"2025-06-06T18:11:15","slug":"korea-2018-zu-trainingsfreunden-in-busan","status":"publish","type":"page","link":"https:\/\/www.mudokwan.at\/mudowp\/trainingsreisen\/korea-2018-zu-trainingsfreunden-in-busan\/","title":{"rendered":"Korea 2020 &#8211; Training mit GM Lee Kyu Hyun"},"content":{"rendered":"<div id=\"pl-1362\"  class=\"panel-layout\" ><div id=\"pg-1362-0\"  class=\"panel-grid panel-has-style\" ><div style=\"padding: 0px 0; \" class=\"panel-row-style panel-row-style-for-1362-0\" ><div id=\"pgc-1362-0-0\"  class=\"panel-grid-cell\" ><div id=\"panel-1362-0-0-0\" class=\"so-panel widget widget_sow-editor panel-first-child panel-last-child\" data-index=\"0\" ><div\n\t\t\t\n\t\t\tclass=\"so-widget-sow-editor so-widget-sow-editor-base\"\n\t\t\t\n\t\t>\n<div class=\"siteorigin-widget-tinymce textwidget\">\n\t<h3><span style=\"color: #ff0000;\">Diese Reise musste aufgrund des Coronavirus leider abgesagt werden.<\/span><\/h3>\n<p>Wir werden uns bem\u00fchen sie sobald als m\u00f6glich nachzuholen.<\/p>\n<h3>Es ist wieder so weit!<\/h3>\n<p>Im Sommer 2020 veranstalten wir unsere n\u00e4chste Korea-Reise. Das Highlight ist diesmal ein zweit\u00e4giges Taekwondo-Training im Privatdojang von Gro\u00dfmeister Lee Kyu Hyun.<\/p>\n<p><img decoding=\"async\" class=\"size-medium wp-image-1492 alignleft\" src=\"http:\/\/www.mudokwan.at\/mudowp\/wp-content\/uploads\/2018\/08\/LeeKyuHyuncutT-101x300.png\" alt=\"\" width=\"101\" height=\"300\" srcset=\"https:\/\/www.mudokwan.at\/mudowp\/wp-content\/uploads\/2018\/08\/LeeKyuHyuncutT-101x300.png 101w, https:\/\/www.mudokwan.at\/mudowp\/wp-content\/uploads\/2018\/08\/LeeKyuHyuncutT.png 204w\" sizes=\"(max-width: 101px) 100vw, 101px\" \/><\/p>\n<p>GM Lee Kyu Hyun ist einer der bekanntesten\u00a0Taekwondo-Meister weltweit. Als Leiter des ber\u00fchmten 9.Dan Demoteams reist er rund um die Welt und gibt viel besuchte Seminare. Die Liste seiner Erfolge und Aktivit\u00e4ten ist ellenlang. Ein Auszug davon:<\/p>\n<p>-\u00a0 offizieller Demonstrator der Kukkiwon Standard Poomsae<\/p>\n<p>- Vorsitzender des Kukkiwon Education Committee<\/p>\n<p>- Vorsitzender des Kukkiwon Training Subcommittee<\/p>\n<p>- Leiter des Kukkiwon Demonstration Teams<\/p>\n<p>- erster Poomsae Champion des Hanmadang Festivals<\/p>\n<ul>\n<li>Gewinner der Poomsae-Goldmedaille bei den Taekwondo-Weltmeisterschaften 2014<\/li>\n<\/ul>\n<p>Er ist eine lebende Legende des Taekwondo.<\/p>\n<p>GM Lee Kyu Hyun war zuletzt im November 2018 in Wien wo er gemeinsam mit Poomsae-Goldmedaillengewinner der Asian Games 2018 Kang Min Sung ein Spezial-Poomsaeseminar \u00fcber neue Kukkiwon-Formen abhielt. Im Sommer 2020 wollen wir ihm nun einen Besuch in seinem Privatdojang abstatten und zwei Tage Training unter seiner Leitung abhalten.<\/p>\n<p>Dar\u00fcber hinaus sollen auch die \"\u00fcblichen\" Korea-Highlights nicht fehlen: einige Tage in Seoul mit Besuch des Kukkiwon und der wichtigsten Sehensw\u00fcrdigkeiten. Fahrt nach Muju und Besuch des Taekwondowon - dem Austragungsort der Weltmeisterschaften von 2017 und dem Mekka des Taekwondo-Sports. Au\u00dferdem: Besuch der alten Kaiserstadt Gyeongju mit ihren vielen Sehensw\u00fcrdigkeiten und Tempeln, sowie ein geplanter Aufenthalt in Busan bei unseren Taekwondo-Freunden.<\/p>\n<p>Die gesamte Reise wird Anfang August stattfinden und etwa zwei Wochen dauern. Die Gesamtkosten (ohne Flug) werden etwa \u20ac 1.800.- betragen. Darin sind alle Reise-und Aufenthaltskosten innerhalb Koreas inkludiert (au\u00dfer Verpflegung), sowie das Training bei GM Lee Kyu Hyun. Nat\u00fcrlich k\u00f6nnen auch Freunde und Familienangeh\u00f6rige mitreisen, die nicht Taekwondo betreiben. Das Reiseprogramm ist abwechslungsreich und bietet auch ihnen einen sch\u00f6nen Einblick in die Kultur und Landschaften Koreas.<\/p>\n<p><strong><span style=\"color: #ff0000;\">Um die Reise gut vorzubereiten ersuchen wir schon jetzt um unverbindliche Voranmeldungen<\/span><\/strong>\u00a0(<a class=\"moz-txt-link-abbreviated\" href=\"mailto:office@mudokwan.at\">office@mudokwan.at<\/a>).<\/p>\n<\/div>\n<\/div><\/div><\/div><\/div><\/div><\/div>","protected":false},"excerpt":{"rendered":"<p>Diese Reise musste aufgrund des Coronavirus leider abgesagt werden. Wir werden uns bem\u00fchen sie sobald als m\u00f6glich nachzuholen. Es ist wieder so weit! Im Sommer 2020 veranstalten wir unsere n\u00e4chste Korea-Reise. Das Highlight ist diesmal ein zweit\u00e4giges Taekwondo-Training im Privatdojang von Gro\u00dfmeister Lee Kyu Hyun. GM Lee Kyu Hyun ist einer der bekanntesten\u00a0Taekwondo-Meister weltweit. Als [&hellip;]<\/p>\n","protected":false},"author":1,"featured_media":0,"parent":753,"menu_order":0,"comment_status":"closed","ping_status":"closed","template":"page-templates\/page_fullwidth.php","meta":{"footnotes":""},"class_list":["post-1362","page","type-page","status-publish","hentry"],"_links":{"self":[{"href":"https:\/\/www.mudokwan.at\/mudowp\/wp-json\/wp\/v2\/pages\/1362","targetHints":{"allow":["GET"]}}],"collection":[{"href":"https:\/\/www.mudokwan.at\/mudowp\/wp-json\/wp\/v2\/pages"}],"about":[{"href":"https:\/\/www.mudokwan.at\/mudowp\/wp-json\/wp\/v2\/types\/page"}],"author":[{"embeddable":true,"href":"https:\/\/www.mudokwan.at\/mudowp\/wp-json\/wp\/v2\/users\/1"}],"replies":[{"embeddable":true,"href":"https:\/\/www.mudokwan.at\/mudowp\/wp-json\/wp\/v2\/comments?post=1362"}],"version-history":[{"count":21,"href":"https:\/\/www.mudokwan.at\/mudowp\/wp-json\/wp\/v2\/pages\/1362\/revisions"}],"predecessor-version":[{"id":1695,"href":"https:\/\/www.mudokwan.at\/mudowp\/wp-json\/wp\/v2\/pages\/1362\/revisions\/1695"}],"up":[{"embeddable":true,"href":"https:\/\/www.mudokwan.at\/mudowp\/wp-json\/wp\/v2\/pages\/753"}],"wp:attachment":[{"href":"https:\/\/www.mudokwan.at\/mudowp\/wp-json\/wp\/v2\/media?parent=1362"}],"curies":[{"name":"wp","href":"https:\/\/api.w.org\/{rel}","templated":true}]}}