{"id":1561,"date":"2019-03-02T19:12:07","date_gmt":"2019-03-02T18:12:07","guid":{"rendered":"http:\/\/www.mudokwan.at\/mudowp\/?page_id=1561"},"modified":"2025-06-06T20:10:41","modified_gmt":"2025-06-06T18:10:41","slug":"mudokwan-wienerwald","status":"publish","type":"page","link":"https:\/\/www.mudokwan.at\/mudowp\/mudokwan-wienerwald\/","title":{"rendered":"MUDOKWAN Wienerwald"},"content":{"rendered":"<h4 style=\"text-align: center;\">MUDOKWAN Wienerwald<\/h4>\n<p><img fetchpriority=\"high\" decoding=\"async\" class=\"alignnone wp-image-1569 size-medium\" src=\"https:\/\/www.mudokwan.at\/mudowp\/wp-content\/uploads\/2019\/03\/IMG-20190302-WA0006-225x300.jpg\" width=\"225\" height=\"300\" srcset=\"https:\/\/www.mudokwan.at\/mudowp\/wp-content\/uploads\/2019\/03\/IMG-20190302-WA0006-225x300.jpg 225w, https:\/\/www.mudokwan.at\/mudowp\/wp-content\/uploads\/2019\/03\/IMG-20190302-WA0006-600x800.jpg 600w, https:\/\/www.mudokwan.at\/mudowp\/wp-content\/uploads\/2019\/03\/IMG-20190302-WA0006-768x1024.jpg 768w, https:\/\/www.mudokwan.at\/mudowp\/wp-content\/uploads\/2019\/03\/IMG-20190302-WA0006-830x1107.jpg 830w, https:\/\/www.mudokwan.at\/mudowp\/wp-content\/uploads\/2019\/03\/IMG-20190302-WA0006-230x307.jpg 230w, https:\/\/www.mudokwan.at\/mudowp\/wp-content\/uploads\/2019\/03\/IMG-20190302-WA0006-350x467.jpg 350w, https:\/\/www.mudokwan.at\/mudowp\/wp-content\/uploads\/2019\/03\/IMG-20190302-WA0006-480x640.jpg 480w, https:\/\/www.mudokwan.at\/mudowp\/wp-content\/uploads\/2019\/03\/IMG-20190302-WA0006.jpg 1200w\" sizes=\"(max-width: 225px) 100vw, 225px\" \/>\u00a0<img decoding=\"async\" class=\"alignnone size-medium wp-image-1596\" src=\"https:\/\/www.mudokwan.at\/mudowp\/wp-content\/uploads\/2019\/03\/IMG-20190302-WA0008-225x300.jpg\" alt=\"\" width=\"225\" height=\"300\" srcset=\"https:\/\/www.mudokwan.at\/mudowp\/wp-content\/uploads\/2019\/03\/IMG-20190302-WA0008-225x300.jpg 225w, https:\/\/www.mudokwan.at\/mudowp\/wp-content\/uploads\/2019\/03\/IMG-20190302-WA0008-600x800.jpg 600w, https:\/\/www.mudokwan.at\/mudowp\/wp-content\/uploads\/2019\/03\/IMG-20190302-WA0008-768x1024.jpg 768w, https:\/\/www.mudokwan.at\/mudowp\/wp-content\/uploads\/2019\/03\/IMG-20190302-WA0008-830x1107.jpg 830w, https:\/\/www.mudokwan.at\/mudowp\/wp-content\/uploads\/2019\/03\/IMG-20190302-WA0008-230x307.jpg 230w, https:\/\/www.mudokwan.at\/mudowp\/wp-content\/uploads\/2019\/03\/IMG-20190302-WA0008-350x467.jpg 350w, https:\/\/www.mudokwan.at\/mudowp\/wp-content\/uploads\/2019\/03\/IMG-20190302-WA0008-480x640.jpg 480w, https:\/\/www.mudokwan.at\/mudowp\/wp-content\/uploads\/2019\/03\/IMG-20190302-WA0008.jpg 1200w\" sizes=\"(max-width: 225px) 100vw, 225px\" \/>\u00a0<img decoding=\"async\" class=\"alignnone wp-image-1600 size-medium\" src=\"https:\/\/www.mudokwan.at\/mudowp\/wp-content\/uploads\/2019\/03\/IMG-20190302-WA0003-225x300.jpg\" width=\"225\" height=\"300\" srcset=\"https:\/\/www.mudokwan.at\/mudowp\/wp-content\/uploads\/2019\/03\/IMG-20190302-WA0003-225x300.jpg 225w, https:\/\/www.mudokwan.at\/mudowp\/wp-content\/uploads\/2019\/03\/IMG-20190302-WA0003-600x800.jpg 600w, https:\/\/www.mudokwan.at\/mudowp\/wp-content\/uploads\/2019\/03\/IMG-20190302-WA0003-768x1024.jpg 768w, https:\/\/www.mudokwan.at\/mudowp\/wp-content\/uploads\/2019\/03\/IMG-20190302-WA0003-830x1107.jpg 830w, https:\/\/www.mudokwan.at\/mudowp\/wp-content\/uploads\/2019\/03\/IMG-20190302-WA0003-230x307.jpg 230w, https:\/\/www.mudokwan.at\/mudowp\/wp-content\/uploads\/2019\/03\/IMG-20190302-WA0003-350x467.jpg 350w, https:\/\/www.mudokwan.at\/mudowp\/wp-content\/uploads\/2019\/03\/IMG-20190302-WA0003-480x640.jpg 480w, https:\/\/www.mudokwan.at\/mudowp\/wp-content\/uploads\/2019\/03\/IMG-20190302-WA0003.jpg 1200w\" sizes=\"(max-width: 225px) 100vw, 225px\" \/><\/p>\n<p>MUDOKWAN Wienerwald ist ein eigenst\u00e4ndiger Zweigverein der MUDOKWAN Sportschule in Wien. Er wird geleitet von Michael Willax, 6. Dan. Michael ist auch Trainer bei unserer Zentralschule in Hietzing und blickt auf langj\u00e4hrige Erfahrungen als Taekwondo-Trainer zur\u00fcck. Seit seinem 18. Lebensjahr betreibt er Taekwondo und ist lizensierter Kukkiwon Instructor 3. Klasse. Au\u00dferdem ist er \u00d6TDV-Pr\u00fcfer und Kampfrichter.<\/p>\n<p><img loading=\"lazy\" decoding=\"async\" class=\"alignleft wp-image-1571 size-medium\" style=\"color: #333333; float: left; font-family: Georgia,&amp;quot; times new roman&amp;quot;,&amp;quot;bitstream charter&amp;quot;,times,serif; font-size: 16px; font-style: normal; font-variant: normal; font-weight: 400; height: auto; letter-spacing: normal; max-width: 100%; orphans: 2; outline-color: #72777c; outline-style: solid; outline-width: 1px; text-align: left; text-decoration: none; text-indent: 0px; text-transform: none; -webkit-text-stroke-width: 0px; white-space: normal; word-spacing: 0px; margin: 0.5em 1em 0.5em 0px;\" src=\"https:\/\/www.mudokwan.at\/mudowp\/wp-content\/uploads\/2019\/03\/IMG-20190302-WA0010-169x300.jpg\" width=\"169\" height=\"300\" \/><b><\/b><i><\/i><u><\/u><\/p>\n<p>&#8222;Mein Hauptinteresse liegt im Bereich Technik und Poomsae sowie der dahinterstehenden Philosophie. Das war einer der Gr\u00fcnde f\u00fcr mich im Jahr 2010 zum Buddhismus \u00fcberzutreten. In diesem Sinne m\u00f6chte ich auch im Training die Schwerpunkte Respekt gegen\u00fcber allen Lebewesen, Disziplin im Training und gemeinsames Lernen von jungen und \u00e4lteren Sch\u00fclern setzen. Der Verein MUDOKWAN Wienerwald ist eine sehr familienfreundliche Gruppe. Sehr viele Eltern trainieren gleichzeitig mit ihren Kindern. Spass und Bewegung so wie gegenseitiger Respekt und Achtung stehen als Etikette an oberster Stelle. Wir bilden keine K\u00e4mpfer oder Wettk\u00e4mpfer aus aber unser Training basiert auf dem WT- Stil (World Taekwondo).&#8220;<\/p>\n<p>Das Training findet in Sieghartskirchen im FTG Dorf Gerersdorf und in Maria Anzbach statt, sowohl die Mitglieder der Zentralschule in Wien als auch die Mitglieder von MUDOKWAN Wienerwald k\u00f6nnen fallweise bei den gegenseitigen Trainingsstunden ohne Mehrkosten mitmachen. Dar\u00fcber hinaus findet auch eine enge Kooperation bei Veranstaltungen (Sommertrainingslager, Seminare oder Wettbewerbe) statt.<\/p>\n<p>\u00a0<\/p>\n\n\n<p><strong>Trainingszeiten Sieghartskirchen (Gesundheitsdorf,&nbsp;3443 Gerersdorf 10):<\/strong><br>Montag 17.00 &#8211; 18.30<\/p>\n\n\n\n<p><strong>Trainingszeiten Maria Anzbach (Sporthalle):<\/strong><br> Dienstag 17.00 &#8211; 18.00<\/p>\n\n\n\n<p><strong>Mitgliedsbeitrag:<\/strong><br>Einmalige Einschreibgeb\u00fchr: \u20ac 50.-<br>Monatsbeitrag: \u20ac 35.-<\/p>\n\n\n\n<p><strong>Anmeldungen und Kontakt<\/strong>:<br>Michael Willax, Tel.: 0664\/184 1269<br>michaelwillax@yahoo.com<\/p>\n","protected":false},"excerpt":{"rendered":"<p>MUDOKWAN Wienerwald \u00a0\u00a0 MUDOKWAN Wienerwald ist ein eigenst\u00e4ndiger Zweigverein der MUDOKWAN Sportschule in Wien. Er wird geleitet von Michael Willax, 6. Dan. Michael ist auch Trainer bei unserer Zentralschule in Hietzing und blickt auf langj\u00e4hrige Erfahrungen als Taekwondo-Trainer zur\u00fcck. Seit seinem 18. Lebensjahr betreibt er Taekwondo und ist lizensierter Kukkiwon Instructor 3. Klasse. Au\u00dferdem ist [&hellip;]<\/p>\n","protected":false},"author":1,"featured_media":0,"parent":0,"menu_order":0,"comment_status":"closed","ping_status":"closed","template":"","meta":{"footnotes":""},"class_list":["post-1561","page","type-page","status-publish","hentry"],"_links":{"self":[{"href":"https:\/\/www.mudokwan.at\/mudowp\/wp-json\/wp\/v2\/pages\/1561","targetHints":{"allow":["GET"]}}],"collection":[{"href":"https:\/\/www.mudokwan.at\/mudowp\/wp-json\/wp\/v2\/pages"}],"about":[{"href":"https:\/\/www.mudokwan.at\/mudowp\/wp-json\/wp\/v2\/types\/page"}],"author":[{"embeddable":true,"href":"https:\/\/www.mudokwan.at\/mudowp\/wp-json\/wp\/v2\/users\/1"}],"replies":[{"embeddable":true,"href":"https:\/\/www.mudokwan.at\/mudowp\/wp-json\/wp\/v2\/comments?post=1561"}],"version-history":[{"count":20,"href":"https:\/\/www.mudokwan.at\/mudowp\/wp-json\/wp\/v2\/pages\/1561\/revisions"}],"predecessor-version":[{"id":2450,"href":"https:\/\/www.mudokwan.at\/mudowp\/wp-json\/wp\/v2\/pages\/1561\/revisions\/2450"}],"wp:attachment":[{"href":"https:\/\/www.mudokwan.at\/mudowp\/wp-json\/wp\/v2\/media?parent=1561"}],"curies":[{"name":"wp","href":"https:\/\/api.w.org\/{rel}","templated":true}]}}