{"id":1604,"date":"2019-03-26T14:21:34","date_gmt":"2019-03-26T13:21:34","guid":{"rendered":"http:\/\/www.mudokwan.at\/mudowp\/?page_id=1604"},"modified":"2025-06-06T20:11:14","modified_gmt":"2025-06-06T18:11:14","slug":"pruefungsprogramm","status":"publish","type":"page","link":"https:\/\/www.mudokwan.at\/mudowp\/pruefungsprogramm\/","title":{"rendered":"Pr\u00fcfungsprogramm"},"content":{"rendered":"<div id=\"pl-1604\"  class=\"panel-layout\" ><div id=\"pg-1604-0\"  class=\"panel-grid panel-has-style\" ><div style=\"padding: 100px 0; \" class=\"panel-row-style panel-row-style-for-1604-0\" ><div id=\"pgc-1604-0-0\"  class=\"panel-grid-cell\" ><div id=\"panel-1604-0-0-0\" class=\"so-panel widget widget_sow-editor panel-first-child panel-last-child\" data-index=\"0\" ><div\n\t\t\t\n\t\t\tclass=\"so-widget-sow-editor so-widget-sow-editor-base\"\n\t\t\t\n\t\t><h3 class=\"widget-title\">Pr\u00fcfungsprogramm<\/h3>\n<div class=\"siteorigin-widget-tinymce textwidget\">\n\t<p>Kup- und Danpr\u00fcfungen finden in regelm\u00e4\u00dfigen Abst\u00e4nden an der MUDOKWAN Sportschule statt. \u00dcblicherweise gibt es vier Pr\u00fcfungstermine pro Jahr (M\u00e4rz, Mai, Oktober und Dezember) mit einem Zusatztermin beim j\u00e4hrlichen Sommertrainingslager (Juli). <a href=\"http:\/\/www.mudokwan.at\/mudowp\/pruefungstermine\/\">Die aktuellen Pr\u00fcfungstermine sind hier abrufbar<\/a>. Kup-Pr\u00fcfungen sind Sch\u00fclerpr\u00fcfungen und regeln die Graduierungen vor dem Meistergrad. Wir verwenden die koreanischen G\u00fcrtelfarben entsprechend den folgenden zehn G\u00fcrtelgraden:<\/p>\n<table>\n<tbody>\n<tr>\n<th>Graduierung<\/th>\n<th>G\u00fcrtelfarbe<\/th>\n<th>Trainingszeit<\/th>\n<\/tr>\n<tr>\n<td>10. Kup<\/td>\n<td>wei\u00df<\/td>\n<td>2 - 3 Monate<\/td>\n<\/tr>\n<tr>\n<td>9. Kup<\/td>\n<td>wei\u00df<\/td>\n<td>2 - 3 Monate<\/td>\n<\/tr>\n<tr>\n<td>8. Kup<\/td>\n<td>gelb<\/td>\n<td>2 - 3 Monate<\/td>\n<\/tr>\n<tr>\n<td>7. Kup<\/td>\n<td>gelb<\/td>\n<td>2 - 3 Monate<\/td>\n<\/tr>\n<tr>\n<td>6. Kup<\/td>\n<td>blau<\/td>\n<td>4 - 6 Monate<\/td>\n<\/tr>\n<tr>\n<td>5. Kup<\/td>\n<td>blau<\/td>\n<td>4 - 6 Monate<\/td>\n<\/tr>\n<tr>\n<td>4. Kup<\/td>\n<td>blau<\/td>\n<td>4 - 6 Monate<\/td>\n<\/tr>\n<tr>\n<td>3. Kup<\/td>\n<td>rot<\/td>\n<td>6 - 9 Monate<\/td>\n<\/tr>\n<tr>\n<td>2. Kup<\/td>\n<td>rot<\/td>\n<td>6 - 9 Monate<\/td>\n<\/tr>\n<tr>\n<td>1. Kup<\/td>\n<td>rot<\/td>\n<td>6 - 9 Monate<\/td>\n<\/tr>\n<\/tbody>\n<\/table>\n<p>Bis zur Danpr\u00fcfung (Schwarzgurt) braucht man daher als Anf\u00e4nger mindestens etwa dreieinhalb Jahre Trainingszeit. Danpr\u00fcfungen werden bei uns nach den internationalen Regeln des Kukkiwon abgenommen, d.h. bei jeder positiv abgelegten Meisterpr\u00fcfung erh\u00e4lt man eine Danurkunde aus dem Kukkiwon in Korea. Alle Danurkunden weltweit sind zentral im Kukkiwon registriert und haben international G\u00fcltigkeit.<\/p>\n<p>F\u00fcr Kup- (Sch\u00fcler-) Pr\u00fcfungen gelten auszugsweise die Schwerpunkte des folgenden Pr\u00fcfungsprogrammes:<\/p>\n<table>\n<tbody>\n<tr>\n<th>Graduierung<\/th>\n<th>Techniken<\/th>\n<th>Poomsae<\/th>\n<th>Sonstiges<\/th>\n<\/tr>\n<tr>\n<td>10. Kup<\/td>\n<td>wird nicht extra gepr\u00fcft, Anf\u00e4ngergraduierung<\/td>\n<td>keine<\/td>\n<td><\/td>\n<\/tr>\n<tr>\n<td>9. Kup<\/td>\n<td>Ap-Kubi, Ap-Seogi, Juchum-Seogi, Araemakki, Olgulmakki, Momtong-Anmakki, Apchagi, Yopchagi<\/td>\n<td>keine<\/td>\n<td><\/td>\n<\/tr>\n<tr>\n<td>8. Kup<\/td>\n<td>Duit-Kubi, Hansonnalmomtongmakki, Sonnal-Mokchigi, Anpalmok-Momtonanmakki, Dollyochagi<\/td>\n<td>Taeguk 1<\/td>\n<td><\/td>\n<\/tr>\n<tr>\n<td>7. Kup<\/td>\n<td>Bakkatmakki, Bandalchagi, leichte Kombinationstechniken<\/td>\n<td>Taeguk 2<\/td>\n<td>\u00a02 Dreischrittkampftechniken<\/td>\n<\/tr>\n<tr>\n<td>6. Kup<\/td>\n<td>Stellungswechsel, Tusonnalmomtongmakki, Kombinationstechniken Hand-Bein, Duitchagi<\/td>\n<td>Taeguk 3<\/td>\n<td>\u00a04 Dreischrittkampftechniken<\/td>\n<\/tr>\n<tr>\n<td>5. Kup<\/td>\n<td>Steptechniken, Kumgang-Apchirugi, Pyonsonkut-Chirugi, Naeryochagi, Tymio-Apchagi, Beinkombinationen<\/td>\n<td>Taeguk 4<\/td>\n<td>\u00a0Einschrittkampf, Freikampf, Bruchtests<\/td>\n<\/tr>\n<tr>\n<td>4. Kup<\/td>\n<td>Wettkampfsteps, Sewo-Jirugi, Patangson-Chigi, Piturochagi, Tymio-Yopchagi, Kombinationstechniken<\/td>\n<td>Taeguk 5<\/td>\n<td>\u00a0Einschrittkampf, Freikampf, Bruchtests<\/td>\n<\/tr>\n<tr>\n<td>3. Kup<\/td>\n<td>Beom-Seogi, Nullomakki, Bandae-Dollyochagi, Tymio-Dollyochagi, Kombinationstechniken<\/td>\n<td>Taeguk 6<\/td>\n<td>\u00a0Einschrittkampf, Freikampf, Bruchtests<\/td>\n<\/tr>\n<tr>\n<td>2. Kup<\/td>\n<td>Hakdari-Seogi, Yop-Chirugi, Huryochagi, Tymio-Duitchagi, Kombinationatechniken<\/td>\n<td>Taeguk 7<\/td>\n<td>\u00a0Einschrittkampf, Freikampf, Bruchtests<\/td>\n<\/tr>\n<tr>\n<td>1. Kup<\/td>\n<td>Kombinationstechniken und Stellungswechsel, Wettkampfsteps in Angriff und Konter, Gawimakki, Duir-Dollyochagi<\/td>\n<td>Taeguk 8<\/td>\n<td>\u00a0Einschrittkampf, Freikampf, Bruchtests<\/td>\n<\/tr>\n<\/tbody>\n<\/table>\n<p><strong>Videos der Taeguk-Poomsae:<\/strong><br \/>\nTaeguk 1: <iframe src=\"https:\/\/www.youtube.com\/embed\/6mLnwM1Kq6Q\" width=\"560\" height=\"315\" frameborder=\"0\" allowfullscreen=\"allowfullscreen\"><\/iframe><\/p>\n<p>Taeguk 2: <iframe src=\"https:\/\/www.youtube.com\/embed\/89t3N5mSEHQ\" width=\"560\" height=\"315\" frameborder=\"0\" allowfullscreen=\"allowfullscreen\"><\/iframe><\/p>\n<p>Taeguk 3: <iframe src=\"https:\/\/www.youtube.com\/embed\/cHm2rs_bSuo\" width=\"560\" height=\"315\" frameborder=\"0\" allowfullscreen=\"allowfullscreen\"><\/iframe><\/p>\n<p>Taeguk 4: <iframe src=\"https:\/\/www.youtube.com\/embed\/QQVDOphERpg\" width=\"560\" height=\"315\" frameborder=\"0\" allowfullscreen=\"allowfullscreen\"><\/iframe><\/p>\n<p>Taeguk 5: <iframe src=\"https:\/\/www.youtube.com\/embed\/ix8WGIonFrw\" width=\"560\" height=\"315\" frameborder=\"0\" allowfullscreen=\"allowfullscreen\"><\/iframe><\/p>\n<p>Taeguk 6: <iframe src=\"https:\/\/www.youtube.com\/embed\/DGHTa1v8Q98\" width=\"560\" height=\"315\" frameborder=\"0\" allowfullscreen=\"allowfullscreen\"><\/iframe><\/p>\n<p>Taeguk 7: <iframe src=\"https:\/\/www.youtube.com\/embed\/7FhNSFBbRCk\" width=\"560\" height=\"315\" frameborder=\"0\" allowfullscreen=\"allowfullscreen\"><\/iframe><\/p>\n<p>Taeguk 8: <iframe src=\"https:\/\/www.youtube.com\/embed\/pG1M4283PRE\" width=\"560\" height=\"315\" frameborder=\"0\" allowfullscreen=\"allowfullscreen\"><\/iframe><\/p>\n<\/div>\n<\/div><\/div><\/div><\/div><\/div><\/div>","protected":false},"excerpt":{"rendered":"<p>Kup- und Danpr\u00fcfungen finden in regelm\u00e4\u00dfigen Abst\u00e4nden an der MUDOKWAN Sportschule statt. \u00dcblicherweise gibt es vier Pr\u00fcfungstermine pro Jahr (M\u00e4rz, Mai, Oktober und Dezember) mit einem Zusatztermin beim j\u00e4hrlichen Sommertrainingslager (Juli). Die aktuellen Pr\u00fcfungstermine sind hier abrufbar. Kup-Pr\u00fcfungen sind Sch\u00fclerpr\u00fcfungen und regeln die Graduierungen vor dem Meistergrad. Wir verwenden die koreanischen G\u00fcrtelfarben entsprechend den folgenden [&hellip;]<\/p>\n","protected":false},"author":1,"featured_media":0,"parent":0,"menu_order":0,"comment_status":"closed","ping_status":"closed","template":"","meta":{"footnotes":""},"class_list":["post-1604","page","type-page","status-publish","hentry"],"_links":{"self":[{"href":"https:\/\/www.mudokwan.at\/mudowp\/wp-json\/wp\/v2\/pages\/1604","targetHints":{"allow":["GET"]}}],"collection":[{"href":"https:\/\/www.mudokwan.at\/mudowp\/wp-json\/wp\/v2\/pages"}],"about":[{"href":"https:\/\/www.mudokwan.at\/mudowp\/wp-json\/wp\/v2\/types\/page"}],"author":[{"embeddable":true,"href":"https:\/\/www.mudokwan.at\/mudowp\/wp-json\/wp\/v2\/users\/1"}],"replies":[{"embeddable":true,"href":"https:\/\/www.mudokwan.at\/mudowp\/wp-json\/wp\/v2\/comments?post=1604"}],"version-history":[{"count":11,"href":"https:\/\/www.mudokwan.at\/mudowp\/wp-json\/wp\/v2\/pages\/1604\/revisions"}],"predecessor-version":[{"id":3402,"href":"https:\/\/www.mudokwan.at\/mudowp\/wp-json\/wp\/v2\/pages\/1604\/revisions\/3402"}],"wp:attachment":[{"href":"https:\/\/www.mudokwan.at\/mudowp\/wp-json\/wp\/v2\/media?parent=1604"}],"curies":[{"name":"wp","href":"https:\/\/api.w.org\/{rel}","templated":true}]}}