{"id":1658,"date":"2019-11-17T12:47:41","date_gmt":"2019-11-17T11:47:41","guid":{"rendered":"http:\/\/www.mudokwan.at\/mudowp\/?page_id=1658"},"modified":"2025-06-06T20:11:15","modified_gmt":"2025-06-06T18:11:15","slug":"ueber-dr-mosch","status":"publish","type":"page","link":"https:\/\/www.mudokwan.at\/mudowp\/ueber-dr-mosch\/","title":{"rendered":"\u00dcber Dr. Mosch"},"content":{"rendered":"<div id=\"pl-1658\"  class=\"panel-layout\" ><div id=\"pg-1658-0\"  class=\"panel-grid panel-has-style\" ><div style=\"padding: 100px 0; \" class=\"panel-row-style panel-row-style-for-1658-0\" ><div id=\"pgc-1658-0-0\"  class=\"panel-grid-cell\" ><div id=\"panel-1658-0-0-0\" class=\"so-panel widget widget_sow-editor panel-first-child panel-last-child\" data-index=\"0\" ><div\n\t\t\t\n\t\t\tclass=\"so-widget-sow-editor so-widget-sow-editor-base\"\n\t\t\t\n\t\t>\n<div class=\"siteorigin-widget-tinymce textwidget\">\n\t<p><img fetchpriority=\"high\" fetchpriority=\"high\" decoding=\"async\" class=\"alignleft wp-image-731 size-medium\" style=\"color: #333333; float: left; font-family: Georgia,&amp;quot; times new roman&amp;quot;,&amp;quot;bitstream charter&amp;quot;,times,serif; font-size: 16px; font-style: normal; font-variant: normal; font-weight: 400; height: auto; letter-spacing: normal; max-width: 100%; orphans: 2; outline-color: #72777c; outline-style: solid; outline-width: 1px; text-align: left; text-decoration: none; text-indent: 0px; text-transform: none; -webkit-text-stroke-width: 0px; white-space: normal; word-spacing: 0px; margin: 0.5em 1em 0.5em 0px;\" src=\"http:\/\/www.mudokwan.at\/mudowp\/wp-content\/uploads\/2017\/05\/Grandmaster-212x300.jpg\" alt=\"\" width=\"212\" height=\"300\" srcset=\"https:\/\/www.mudokwan.at\/mudowp\/wp-content\/uploads\/2017\/05\/Grandmaster-212x300.jpg 212w, https:\/\/www.mudokwan.at\/mudowp\/wp-content\/uploads\/2017\/05\/Grandmaster-416x590.jpg 416w, https:\/\/www.mudokwan.at\/mudowp\/wp-content\/uploads\/2017\/05\/Grandmaster-230x326.jpg 230w, https:\/\/www.mudokwan.at\/mudowp\/wp-content\/uploads\/2017\/05\/Grandmaster-350x496.jpg 350w, https:\/\/www.mudokwan.at\/mudowp\/wp-content\/uploads\/2017\/05\/Grandmaster-480x681.jpg 480w, https:\/\/www.mudokwan.at\/mudowp\/wp-content\/uploads\/2017\/05\/Grandmaster.jpg 564w\" sizes=\"(max-width: 212px) 100vw, 212px\" \/>Dr. Norbert Mosch ist Gr\u00fcnder und Leiter der MUDOKWAN Sportschule in Wien.<\/p>\n<p><strong>Kurzsteckbrief:<\/strong><\/p>\n<p>Geb. am 23. 1 1952<\/p>\n<p>Verheiratet mit Dr. You Song Mosch-Kang seit 1977<\/p>\n<p>Zwei Kinder: Sora und Viktor, sowie zwei Enkelkinder: Luise und Caroline<\/p>\n<p>Studium der Japanologie und Publizistik an der Universit\u00e4t, Promotion zum Dr. phil 1987 mit der Dissertation \"Die politische Funktion des Sports am Beispiel zweier Nationalsportarten: Judo und Taekwondo\"<\/p>\n<p>9. Dan Taekwondo (Kukkiwon), hauptberuflicher Taekwondo-Trainer, Pr\u00e4sident des \u00d6sterreichischen Taekwondo Verbandes von 1996 bis 2001 (heute Ehrenpr\u00e4sident), Gr\u00fcnder und Pr\u00e4sident des Wiener Taekwondo Verbandes von 1984 bis 2012 (heute Ehrenpr\u00e4sident), Pr\u00e4sident der Kukkiwon Masters Association Austria, Pr\u00e4sident des Europ\u00e4ischen Shaolin Wushu Verbandes, Mitglied des Kukkiwon Advisory Committee<\/p>\n<p><strong>Ausbildungen<\/strong><\/p>\n<p>Staatliches Trainerdiplom \u00d6sterreich, Int. Kampfrichterlizenz 1. Klasse WT Taekwondo (Eins\u00e4tze bei diversen Weltmeisterschaften und internationalen Gro\u00dfturnieren), Absolvent der Trainerakademie des Kukkiwon (Int. Trainerdiplom 1. Klasse, Pr\u00fcferlizenz 1. Klasse)<\/p>\n<p><strong>Laufbahn und Ehrungen (Ausz\u00fcge)<\/strong><\/p>\n<p>1973\u00a0 Beginn des Taekwondo-Trainings in Hamburg unter GM Shin Boo Young<\/p>\n<p>1975\u00a0 Einladung von GM Lee Kwang Bae nach \u00d6sterreich und Er\u00f6ffnung der ersten Taekwondo-Schule in Wien (\u2018Tangun Taekwondo Club Wien\u2019)<\/p>\n<p>1978\u00a0 Gr\u00fcndung der MUDOKWAN Taekwondo Schule in Wien<\/p>\n<p>1979\u00a0 Empfang einer Ehrenplakette f\u00fcr die Verbreitung von Taekwondo durch WTF Pr\u00e4sident Dr. Un Yong Kim anl\u00e4sslich seines Besuchs in Wien<\/p>\n<p>1981 \u00a0 Einf\u00fchrung des WTF Taekwondo gemeinsam mit GM Lee Kwang Bae im ehemaligen Jugoslawien<\/p>\n<p>1983 \u00a0 Absolvierung der Ausbildung zum International Referee der WTF in D\u00e4nemark (GM Lee Chong Woo)<\/p>\n<p>1984 \u00a0 Wahl zum Vizepr\u00e4sidenten des \u00d6sterreichischen Taekwondo Verbandes<\/p>\n<p>1996 \u00a0 Wahl zum Pr\u00e4sidenten des \u00d6sterreichischen Taekwondo Verbandes<\/p>\n<p>1999 \u00a0 Mitglied des Exekutivkomitees der Europ\u00e4ischen Taekwondo Union<\/p>\n<p>1999 \u00a0 Ernennung zum Mitglied des WTF Educational Committee<\/p>\n<p>2000\u00a0 Ausbildung zum offiziellen Taekwondo Instructor an der Kukkiwon Taekwondo Academy in Seoul<\/p>\n<p>2000\u00a0 Promotion zum First Class International Taekwondo Referee der WTF<\/p>\n<p>2001 \u00a0 Durchf\u00fchrung von Technikseminaren und Danpr\u00fcfungen f\u00fcr den tschechischen Taekwondo Verband im Namen des Kukkiwon in Prag<\/p>\n<p>2002\u00a0 Abhaltung von Kampfrichterseminaren f\u00fcr den Taekwondo Verband Serbiens und Seminare und Danpr\u00fcfungen in Prag<\/p>\n<p>2003\u00a0 Teilnahme am Hwarang Taekwondo Festival in Jincheon\/Korea<\/p>\n<p>2005\u00a0 Abhaltung von Taekwondo-Seminaren in Toronto\/Kanada<\/p>\n<p>2005 \u00a0 Teilnahme am Hwarang Taekwondo Festival in Jincheon\/Korea und Ehrung als \u2018Man of Hwarang\u2019 durch das Organisationskomitee<\/p>\n<p>2005\u00a0 Ernennung zum Ehrenpr\u00e4sidenten des \u00d6sterreichischen Taekwondo Verbandes<\/p>\n<p>2007\u00a0 Durchf\u00fchrung von Taekwondo-Seminaren und Danpr\u00fcfungen in Tschechien und Kanada<\/p>\n<p>2007\u00a0 Gewinner des \u201cOverseas Non-Korean Masters Essay Competition Award\u201d in Korea<\/p>\n<p>2008\u00a0 Ernennung zum Kukkiwon Advisory Member<\/p>\n<p>2009\u00a0 Ehrengast beim Hanmadang Festival in Dangjin\/Korea und beim offiziellen \u201cTaekwondo Day\u201d in Seoul\/Korea<\/p>\n<p>2010\u00a0 Abhaltung von Taekwondo-Seminaren und Danpr\u00fcfungen Prag<\/p>\n<p>2010\u00a0 Berufung in das PR-Komitee des Kukkiwon<\/p>\n<p>2011 \u00a0 Aufnahme als Individual Member des KOMS (Kukkiwon)<\/p>\n<p>2011 \u00a0 Abermals Ernennung zum Kukkiwon Advisory Member<\/p>\n<p>2011 \u00a0 Abhaltung von Taekwondo-Seminaren und Danpr\u00fcfungen Prag<\/p>\n<p>2012\u00a0 Ernennung zum Council Member der Europ\u00e4ischen Taekwondo Union<\/p>\n<p>2012\u00a0 Einladung zum World Taekwondo Leaders Forum in Seoul\/Korea<\/p>\n<p>2012\u00a0 Organisation einer Taekwondo Demo Tour des Keimyung University Taekwondo Demonstration Team unter der Leitung von GM Lee Kyu Hyung durch \u00d6sterreich und Kroatien<\/p>\n<p>2013\u00a0 Organisation des Kukkiwon Foreign Instructor Course in Wien<\/p>\n<p>2013\u00a0 Teilnahme am Hanmadang Taekwondo Festival in Daejon\/Korea<\/p>\n<p>2014: Einladung zur Er\u00f6ffnung des Taekwondowon in Muju\/Korea<\/p>\n<p>2014\u00a0 Organisation des ersten Vienna Taekwondo Festivals<\/p>\n<p>2015\u00a0 Einladung zum Kukkiwon Foreign Examiner Course in Seoul<\/p>\n<p>2015\u00a0 Organisation des zweiten Vienna Taekwondo Festivals<\/p>\n<p>2015\u00a0 Technikseminar und Danpr\u00fcfungen f\u00fcr den Tschechischen Taekwondo Verband in Prag<\/p>\n<p>2016\u00a0 Organisation des dritten Vienna Taekwondo Festivals<\/p>\n<p>2016\u00a0 Ernennung zum Kukkiwon Advisory Committee Member<\/p>\n<p>2016\u00a0 Technikseminar und Danpr\u00fcfungen f\u00fcr den Tschechischen Taekwondo Verband in Prag<\/p>\n<p>2017 \u00a0Organisation des vierten Vienna Taekwondo Festivals<\/p>\n<p>2017\u00a0 Verleihung des Verdienstordens der Republik Korea durch Pr\u00e4sident Moon Jae In<\/p>\n<p>2018 \u00a0Organisation des f\u00fcnften Vienna Taekwondo Festivals<\/p>\n<p>2018\u00a0 Empfang im Kukkiwon nach einer dreimonatigen Motorradreise von Wien nach Korea<\/p>\n<p>2018\u00a0 Organisation einer Poomsae-Seminars (neue Kukkiwon Poomsae) in Wien mit GM Lee Kyu Hyun<\/p>\n<p>2019 \u00a0Organisation des sechsten Vienna Taekwondo Festivals<\/p>\n<p>2020\u00a0 Abhaltung von Online Seminaren \"Taekwondo Total\" mit GM Jae Hyong Kim<\/p>\n<p>2021\u00a0 Ernennung zum Advisor von World Taekwondo United News (WTU)<\/p>\n<p>2021\u00a0 Organisation des ersten Austria Online Hanmadang Festivals<\/p>\n<p>2021\u00a0 Verleihung des Sport-Ehrenzeichens der Stadt Wien<\/p>\n<p>2022\u00a0 Organisation des ersten AUSTRIA HANMADANG TAEKWONDO FESTIVALS<\/p>\n<p>2022\u00a0 Einladung zum 50-Jahre Jubil\u00e4um des Kukkiwon in Korea<\/p>\n<p>2022\u00a0 Empfang einer Ehrentafel f\u00fcr besondere Verdienste um die Verbreitung von Taekwondo durch Kukkiwon Pr\u00e4sident Lee Dong Sup<\/p>\n<p>2024\u00a0 Ernennung zum Councilor der Global Traditional Taekwondo Federation<\/p>\n<\/div>\n<\/div><\/div><\/div><\/div><\/div><\/div>","protected":false},"excerpt":{"rendered":"<p>Dr. Norbert Mosch ist Gr\u00fcnder und Leiter der MUDOKWAN Sportschule in Wien. Kurzsteckbrief: Geb. am 23. 1 1952 Verheiratet mit Dr. You Song Mosch-Kang seit 1977 Zwei Kinder: Sora und Viktor, sowie zwei Enkelkinder: Luise und Caroline Studium der Japanologie und Publizistik an der Universit\u00e4t, Promotion zum Dr. phil 1987 mit der Dissertation &#8222;Die politische [&hellip;]<\/p>\n","protected":false},"author":1,"featured_media":0,"parent":0,"menu_order":0,"comment_status":"closed","ping_status":"closed","template":"","meta":{"footnotes":""},"class_list":["post-1658","page","type-page","status-publish","hentry"],"_links":{"self":[{"href":"https:\/\/www.mudokwan.at\/mudowp\/wp-json\/wp\/v2\/pages\/1658","targetHints":{"allow":["GET"]}}],"collection":[{"href":"https:\/\/www.mudokwan.at\/mudowp\/wp-json\/wp\/v2\/pages"}],"about":[{"href":"https:\/\/www.mudokwan.at\/mudowp\/wp-json\/wp\/v2\/types\/page"}],"author":[{"embeddable":true,"href":"https:\/\/www.mudokwan.at\/mudowp\/wp-json\/wp\/v2\/users\/1"}],"replies":[{"embeddable":true,"href":"https:\/\/www.mudokwan.at\/mudowp\/wp-json\/wp\/v2\/comments?post=1658"}],"version-history":[{"count":15,"href":"https:\/\/www.mudokwan.at\/mudowp\/wp-json\/wp\/v2\/pages\/1658\/revisions"}],"predecessor-version":[{"id":3550,"href":"https:\/\/www.mudokwan.at\/mudowp\/wp-json\/wp\/v2\/pages\/1658\/revisions\/3550"}],"wp:attachment":[{"href":"https:\/\/www.mudokwan.at\/mudowp\/wp-json\/wp\/v2\/media?parent=1658"}],"curies":[{"name":"wp","href":"https:\/\/api.w.org\/{rel}","templated":true}]}}