{"id":1993,"date":"2020-06-18T23:18:40","date_gmt":"2020-06-18T21:18:40","guid":{"rendered":"http:\/\/www.mudokwan.at\/mudowp\/?page_id=1993"},"modified":"2025-06-06T20:10:41","modified_gmt":"2025-06-06T18:10:41","slug":"mudokwan-trainingsprogramm","status":"publish","type":"page","link":"https:\/\/www.mudokwan.at\/mudowp\/mudokwan-trainingsprogramm\/","title":{"rendered":"MUDOKWAN Trainingsprogramm"},"content":{"rendered":"<p>Wir unterrichten Taekwondo nach dem WT (World Taekwondo) System. Das ist jener Stil, dessen Wettkampfvariante in das olympische Programm aufgenommen wurde. Allerdings richten wir unser Augenmerk auf die Gesamtheit des Taekwondo. Sprich: der sportliche Wettkampf bildet nur einen Teil unseres Trainingsprogrammes.<\/p>\n<p>Taekwondo in seiner Gesamtheit hat das Ziel, die individuellen St\u00e4rken eines Menschen zu f\u00f6rdern, d.h. nicht nur seine physischen F\u00e4higkeiten sondern auch sein geistiges Potential und charakterlichen Eigenschaften. Begriffe wie Durchhalteverm\u00f6gen, Ausdauer, Beharrlichkeit, Zielstrebigkeit, Loyalit\u00e4t und Selbstbewusstsein, aber auch Fairness, partnerschaftliches Verhalten und Bescheidenheit stehen durchaus im Fokus unseres Programmes. Damit sprechen wir besonders junge Menschen und Kinder an, die wir in einer wesentlichen Phase ihrer Entwicklung leiten m\u00f6chten.<\/p>\n<p>In technischer Hinsicht orientieren wir uns an den Vorgaben des <a href=\"http:\/\/www.kukkiwon.or.kr\/front\/eng\/main2.action\" target=\"_blank\" rel=\"noopener\">Kukkiwon<\/a>, der Weltzentrale des Taekwondo in Korea. <a href=\"https:\/\/www.mudokwan.at\/mudowp\/ueber-dr-mosch\/\">MUDOKWAN-Leiter Dr. Mosch<\/a> ist als 9. Dan einer der h\u00f6chstgraduierten Dantr\u00e4ger weltweit und auch das gesamte Trainerteam besitzt die entsprechenden Zertifizierungen der internationalen Trainerausbildung des Kukkiwon. Als Partnerschule des Kukkiwon ist garantiert, dass Sie bei uns das originale Taekwondo aus Korea nach Kukkiwon-Richtlinien lernen.<\/p>\n<p><a href=\"https:\/\/www.mudokwan.at\/mudowp\/trainingszeiten\/\">Informieren Sie sich \u00fcber unsere Trainingszeiten<\/a> und besuchen Sie uns unverbindlich beim Training.<\/p>\n","protected":false},"excerpt":{"rendered":"<p>Wir unterrichten Taekwondo nach dem WT (World Taekwondo) System. Das ist jener Stil, dessen Wettkampfvariante in das olympische Programm aufgenommen wurde. Allerdings richten wir unser Augenmerk auf die Gesamtheit des Taekwondo. Sprich: der sportliche Wettkampf bildet nur einen Teil unseres Trainingsprogrammes. Taekwondo in seiner Gesamtheit hat das Ziel, die individuellen St\u00e4rken eines Menschen zu f\u00f6rdern, [&hellip;]<\/p>\n","protected":false},"author":1,"featured_media":0,"parent":0,"menu_order":0,"comment_status":"closed","ping_status":"closed","template":"","meta":{"footnotes":""},"class_list":["post-1993","page","type-page","status-publish","hentry"],"_links":{"self":[{"href":"https:\/\/www.mudokwan.at\/mudowp\/wp-json\/wp\/v2\/pages\/1993","targetHints":{"allow":["GET"]}}],"collection":[{"href":"https:\/\/www.mudokwan.at\/mudowp\/wp-json\/wp\/v2\/pages"}],"about":[{"href":"https:\/\/www.mudokwan.at\/mudowp\/wp-json\/wp\/v2\/types\/page"}],"author":[{"embeddable":true,"href":"https:\/\/www.mudokwan.at\/mudowp\/wp-json\/wp\/v2\/users\/1"}],"replies":[{"embeddable":true,"href":"https:\/\/www.mudokwan.at\/mudowp\/wp-json\/wp\/v2\/comments?post=1993"}],"version-history":[{"count":1,"href":"https:\/\/www.mudokwan.at\/mudowp\/wp-json\/wp\/v2\/pages\/1993\/revisions"}],"predecessor-version":[{"id":1994,"href":"https:\/\/www.mudokwan.at\/mudowp\/wp-json\/wp\/v2\/pages\/1993\/revisions\/1994"}],"wp:attachment":[{"href":"https:\/\/www.mudokwan.at\/mudowp\/wp-json\/wp\/v2\/media?parent=1993"}],"curies":[{"name":"wp","href":"https:\/\/api.w.org\/{rel}","templated":true}]}}