{"id":2131,"date":"2020-07-13T12:51:07","date_gmt":"2020-07-13T10:51:07","guid":{"rendered":"http:\/\/www.mudokwan.at\/mudowp\/?page_id=2131"},"modified":"2025-06-06T20:11:15","modified_gmt":"2025-06-06T18:11:15","slug":"warum-mudokwan","status":"publish","type":"page","link":"https:\/\/www.mudokwan.at\/mudowp\/warum-mudokwan\/","title":{"rendered":"Warum MUDOKWAN"},"content":{"rendered":"<p><img fetchpriority=\"high\" decoding=\"async\" class=\"alignnone size-medium wp-image-2370\" src=\"https:\/\/www.mudokwan.at\/mudowp\/wp-content\/uploads\/2020\/10\/Guetesiegel-taekwondo-otdv-800px-300x245.png\" alt=\"\" width=\"300\" height=\"245\" srcset=\"https:\/\/www.mudokwan.at\/mudowp\/wp-content\/uploads\/2020\/10\/Guetesiegel-taekwondo-otdv-800px-300x245.png 300w, https:\/\/www.mudokwan.at\/mudowp\/wp-content\/uploads\/2020\/10\/Guetesiegel-taekwondo-otdv-800px-416x340.png 416w, https:\/\/www.mudokwan.at\/mudowp\/wp-content\/uploads\/2020\/10\/Guetesiegel-taekwondo-otdv-800px-230x188.png 230w, https:\/\/www.mudokwan.at\/mudowp\/wp-content\/uploads\/2020\/10\/Guetesiegel-taekwondo-otdv-800px-350x286.png 350w, https:\/\/www.mudokwan.at\/mudowp\/wp-content\/uploads\/2020\/10\/Guetesiegel-taekwondo-otdv-800px-480x393.png 480w, https:\/\/www.mudokwan.at\/mudowp\/wp-content\/uploads\/2020\/10\/Guetesiegel-taekwondo-otdv-800px.png 587w\" sizes=\"(max-width: 300px) 100vw, 300px\" \/><\/p>\n<p><strong>Lieber Taekwondo-Interessent!<\/strong><\/p>\n<p>Es gibt viele M\u00f6glichkeiten, in Wien Taekwondo zu trainieren. Warum solltest Du ausgerechnet bei uns Mitglied werden? Hier ein paar Antworten:<\/p>\n<p><span style=\"color: #ff0000;\"><strong>&#8211; Wegen unserer Geschichte<\/strong><\/span><\/p>\n<p>Taekwondo wurde in Wien von MUDOKWAN-Leiter Dr. Norbert Mosch eingef\u00fchrt. 1975 holte er Gro\u00dfmeister Lee Kwang Bae aus Korea und er\u00f6ffnete 1976 den ersten Wiener Taekwondo-Club &#8211; den Tangun Taekwondo Club in der Steudelgasse im zehnten Bezirk. Die MUDOKWAN Sportschule besteht seit dem 1. Mai 1978 und hat seit diesem Tag tausende Sch\u00fcler unterrichtet.<\/p>\n<p><span style=\"color: #ff0000;\"><strong>&#8211; Wegen unserer Trainer<\/strong><\/span><\/p>\n<p>Alle unsere Trainer haben jahrzehntelange Erfahrung im Unterrichten von Taekwondo. Sie sind im Besitz einer \u00f6sterreichischen Trainerausbildung, einer Kukkiwon-Zertifizierung &#8211; oder haben beides. MUDOKWAN-Leiter Dr. Mosch ist Tr\u00e4ger des 9. Dan Kukkiwon, was in Europa nur noch auf drei andere Nichtkoreaner zutrifft. Er ist au\u00dferdem lizensierter Kukkiwon-Pr\u00fcfer erster Klasse, das bedeutet er darf international g\u00fcltige Dan-Pr\u00fcfungen bis zum 7. Dan abnehmen. Der 8. und 9. Dan kann nur bei einem der regelm\u00e4\u00dfigen Pr\u00fcfungstermine im Kukkiwon in Seoul abgelegt werden.<\/p>\n<p><span style=\"color: #ff0000;\"><strong>&#8211; Wegen unserem Programm<\/strong><\/span><\/p>\n<p>Wir unterrichten Taekwondo nach den Richtlinien des Kukkiwon, der Weltzentrale des Taekwondo in Korea. Alle unsere Dan-Pr\u00fcfungen sind international g\u00fcltig und im Kukkiwon registriert. Unser Training entspricht dem ganzheitlichen Ausbildungsprogramm des Taekwondo, d.h. wir sind nicht auf eine spezielle Ausrichtung &#8211; etwa nur Wettkampf oder nur Poomsae &#8211; fokussiert. Wer m\u00f6chte, kann nat\u00fcrlich auch an Wettk\u00e4mpfen teilnehmen, aber im Training konzentrieren wir uns auf die ganze Taekwondo-Palette: k\u00f6rperliches Techniktraining und Charakterschulung durch Taekwondo. Besonders f\u00fcr Kinder und Jugendliche ist das ein wertvoller Teil des Trainings.<\/p>\n<p>Unser Training st\u00e4rkt die Entwicklung von Kraft, Schnelligkeit, Ausdauer und Beweglichkeit, f\u00f6rdert gleichzeitig aber auch Konzentrationsf\u00e4higkeit, Durchhalteverm\u00f6gen, Selbstdisziplin und Fairness.<\/p>\n<p><span style=\"color: #ff0000;\"><strong>&#8211; Wegen unserer Mitglieder<\/strong><\/span><\/p>\n<p>Unsere Mitglieder sind das wertvollste &#8222;Asset&#8220; der Sportschule, wie es im modernen Managerspeak hei\u00dft. Wir betrachten sie aber nicht als unpers\u00f6nliches Anlagegut, sondern als Partner, Sch\u00fcler und Freunde. Bei uns trainieren alle Altersgruppen, von Kindern ab 6 Jahren bis zu Senioren in ihrem achten Lebensjahrzehnt. Daf\u00fcr haben wir eigene Trainingsstunden, etwa auch eine spezielle Trainingsstunde nur f\u00fcr Damen.<\/p>\n<p>Wir haben viele Mitglieder, die in ihrer Jugend Taekwondo trainiert haben, dann lange Jahre aus beruflichen Gr\u00fcnden ausgesetzt haben und nun Taekwondo wieder als Ausgleichssport trainieren m\u00f6chten. Weil wir Taekwondo nicht eindimensional als reinen Wettkampfsport sehen ist das auch gut m\u00f6glich. Jeder soll nach seinen M\u00f6glichkeiten gefordert und gef\u00f6rdert werden. Wir sind stolz auf unsere Mitglieder, von denen nicht wenige uns schon jahrzehntelang die Treue halten!<\/p>\n\n\n<p><strong><span class=\"has-inline-color has-vivid-red-color\">Das sind unsere Hauptvorteile gegen\u00fcber anderen Trainingsst\u00e4tten<\/span><\/strong><\/p>\n\n\n\n<p>Es mag welche geben, die gr\u00f6\u00dfer sind. Es mag welche geben, die mehr Mitglieder haben. Es mag auch welche geben, die besser ausgestattet sind oder die n\u00e4her bei Deiner Wohnung liegen. Du wirst aber keine finden, wo Taekwondo professioneller, ernsthafter und mit mehr Herzblut unterrichtet wird.<\/p>\n\n\n\n<p>Wenn Du uns pers\u00f6nlich kennenlernen m\u00f6chtest &#8211; komm einfach beim Training vorbei und mach Dir selbst ein Bild. Willkommen in der MUDOKWAN Sportschule!<\/p>\n","protected":false},"excerpt":{"rendered":"<p>Lieber Taekwondo-Interessent! Es gibt viele M\u00f6glichkeiten, in Wien Taekwondo zu trainieren. Warum solltest Du ausgerechnet bei uns Mitglied werden? Hier ein paar Antworten: &#8211; Wegen unserer Geschichte Taekwondo wurde in Wien von MUDOKWAN-Leiter Dr. Norbert Mosch eingef\u00fchrt. 1975 holte er Gro\u00dfmeister Lee Kwang Bae aus Korea und er\u00f6ffnete 1976 den ersten Wiener Taekwondo-Club &#8211; den [&hellip;]<\/p>\n","protected":false},"author":1,"featured_media":0,"parent":0,"menu_order":0,"comment_status":"closed","ping_status":"closed","template":"","meta":{"footnotes":""},"class_list":["post-2131","page","type-page","status-publish","hentry"],"_links":{"self":[{"href":"https:\/\/www.mudokwan.at\/mudowp\/wp-json\/wp\/v2\/pages\/2131","targetHints":{"allow":["GET"]}}],"collection":[{"href":"https:\/\/www.mudokwan.at\/mudowp\/wp-json\/wp\/v2\/pages"}],"about":[{"href":"https:\/\/www.mudokwan.at\/mudowp\/wp-json\/wp\/v2\/types\/page"}],"author":[{"embeddable":true,"href":"https:\/\/www.mudokwan.at\/mudowp\/wp-json\/wp\/v2\/users\/1"}],"replies":[{"embeddable":true,"href":"https:\/\/www.mudokwan.at\/mudowp\/wp-json\/wp\/v2\/comments?post=2131"}],"version-history":[{"count":5,"href":"https:\/\/www.mudokwan.at\/mudowp\/wp-json\/wp\/v2\/pages\/2131\/revisions"}],"predecessor-version":[{"id":3409,"href":"https:\/\/www.mudokwan.at\/mudowp\/wp-json\/wp\/v2\/pages\/2131\/revisions\/3409"}],"wp:attachment":[{"href":"https:\/\/www.mudokwan.at\/mudowp\/wp-json\/wp\/v2\/media?parent=2131"}],"curies":[{"name":"wp","href":"https:\/\/api.w.org\/{rel}","templated":true}]}}