{"id":742,"date":"2017-05-24T22:56:38","date_gmt":"2017-05-24T20:56:38","guid":{"rendered":"http:\/\/www.mudokwan.at\/mudowp\/?page_id=742"},"modified":"2025-06-06T20:11:15","modified_gmt":"2025-06-06T18:11:15","slug":"mudokwan","status":"publish","type":"page","link":"https:\/\/www.mudokwan.at\/mudowp\/mudokwan\/","title":{"rendered":"\u00dcber Mudokwan"},"content":{"rendered":"<p><img decoding=\"async\" class=\"alignnone size-medium wp-image-1196 aligncenter\" src=\"https:\/\/www.mudokwan.at\/mudowp\/wp-content\/uploads\/2017\/05\/MudokwanBlueStripes-300x123.jpg\" alt=\"\" width=\"300\" height=\"123\" srcset=\"https:\/\/www.mudokwan.at\/mudowp\/wp-content\/uploads\/2017\/05\/MudokwanBlueStripes-300x123.jpg 300w, https:\/\/www.mudokwan.at\/mudowp\/wp-content\/uploads\/2017\/05\/MudokwanBlueStripes-416x171.jpg 416w, https:\/\/www.mudokwan.at\/mudowp\/wp-content\/uploads\/2017\/05\/MudokwanBlueStripes-230x94.jpg 230w, https:\/\/www.mudokwan.at\/mudowp\/wp-content\/uploads\/2017\/05\/MudokwanBlueStripes-350x144.jpg 350w, https:\/\/www.mudokwan.at\/mudowp\/wp-content\/uploads\/2017\/05\/MudokwanBlueStripes-480x197.jpg 480w, https:\/\/www.mudokwan.at\/mudowp\/wp-content\/uploads\/2017\/05\/MudokwanBlueStripes.jpg 500w\" sizes=\"(max-width: 300px) 100vw, 300px\" \/><\/p>\n<p style=\"text-align: center;\"><iframe src=\"https:\/\/www.youtube.com\/embed\/G3d8yNjS2do\" width=\"560\" height=\"315\" frameborder=\"0\" allowfullscreen=\"allowfullscreen\"><\/iframe><\/p>\n<p>Die MUDOKWAN Sportschule war die erste Taekwondoschule in Wien. Am 1. Mai&nbsp;1978 hatten wir unsere Er\u00f6ffnungsvorf\u00fchrung, damals in der Seidengasse 27 im siebten Wiener Gemeindebezirk. 1975 hatte Dr. Norbert Mosch Gro\u00dfmeister Lee Kwang Bae als ersten Taekwondo Meister aus Korea geholt um Taekwondo in Wien bekannt zu machen.&nbsp;Der&nbsp; TANGUN TAEKWONDO CLUB WIEN&nbsp;wurde 1976 in der Steudelgasse (Wien 10) er\u00f6ffnet und hatte sofort gro\u00dfen Zuspruch aus der Kampfsportszene. Bis 1978 wurde dort Taekwondo trainiert, dann er\u00f6ffnete Dr. Mosch in der Seidengasse die erste Taekwondoschule.<\/p>\n<p>Fast zwanzig Jahre lang blieb die MUDOKWAN Sportschule in der Seidengasse und wurde immer mehr erweitert. Schlie\u00dflich wurden die R\u00e4ume zu klein und im Oktober 1996 \u00fcbersiedelte die Sportschule in die Kaiserstra\u00dfe 10, nicht weit entfernt von der alten Adresse. Auf \u00fcber 1200m2 entstand dort das MUDOKWAN Center Wien auf zwei Stockwerken &#8211; \u00d6sterreichs gr\u00f6\u00dftes Kampfsportzentrum. Damit wurden im Kampfsportbereich neue Ma\u00dfst\u00e4be gesetzt: neben dem Hauptangebot Taekwondo waren dort auch f\u00fcnfzehn verschiedene Trainer mit eigenen Trainingsgruppen t\u00e4tig. Durch die schlechte Nutzbarkeit&nbsp;der neuen R\u00e4ume (eine ehemalige Druckerei) entstanden aber gro\u00dfe Unkosten und so kam es im Juli 2004 zu einer weiteren \u00dcbersiedlung, diesmal in die Rechte Bahngasse 24-26 im&nbsp;dritten Bezirk.<\/p>\n<p>Dort wurden die R\u00e4ume eines ehemaligen Tischtennis Centers adaptiert und es schien als w\u00e4ren sie ideal: gro\u00dfe Trainingsfl\u00e4chen ohne st\u00f6rende S\u00e4ulen, eine bessere Raumaufteilung und wirtschaftlichere Betriebskosten. Leider kam es aber zu andauernden Beschwerden der Anrainer wegen L\u00e4rmbeeintr\u00e4chtigung. Die Situation wurde schlie\u00dflich unertr\u00e4glich und ab 2006 wurde der Trainingsbetrieb g\u00e4nzlich umstrukturiert.<\/p>\n<p>Ein Zentralb\u00fcro f\u00fcr die Verwaltung wurde eingerichtet und die Trainingsst\u00e4tten wurden&nbsp;an verschiedene Stellen in Wien und den benachbarten Bundesl\u00e4ndern ausgelagert. Es kam zu Kooperationen mit Schulen, Fitnesscentern oder anderen Organisationen&nbsp;wo wir den Taekwondo-Unterricht&nbsp;organisierten und durchf\u00fchrten. Diese Struktur hatte unbestritten wirtschaftliche Vorteile, andererseits fehlte doch eine zentrale Unterrichtsst\u00e4tte. Am 1. Mai 2015 wurde daher der MUDOKWAN Masters Club in Hietzing er\u00f6ffnet, wo seither die Heimst\u00e4tte der MUDOKWAN Sportschule ist.<\/p>\n<p>Nach wie vor unterhalten wir verschiedene Au\u00dfenstellen und Kooperationen, so z.B. in verschiedenen Bezirken Wiens, in Gablitz bei Wien, in St. P\u00f6lten, in der American International School Vienna und sogar in Toronto\/Kanada. Durch unsere langj\u00e4hrigen guten Kontakte nach Korea, dem Mutterland des Taekwondo, haben unsere Mitglieder auch immer wieder die M\u00f6glichkeit, Trainingsreisen nach Korea mitzumachen. Der Leiter der MUDOKWAN Sportschule Dr. Mosch ist nicht nur einer der h\u00f6chst graduierten Dantr\u00e4ger au\u00dferhalb Koreas, sondern auch Mitglied des Advisory Commitees des <a href=\"http:\/\/www.kukkiwon.or.kr\" target=\"_blank\" rel=\"noopener\">Kukkiwon<\/a>, der Weltzentrale des Taekwondo in Seoul. Auf <a href=\"http:\/\/www.kmaa.at\" target=\"_blank\" rel=\"noopener\">www.kmaa.at<\/a>, der Homepage der Kukkiwon Masters Association Austria, gibt es ausf\u00fchrlichere Informationen \u00fcber die Aktivit\u00e4ten des Kukkiwon in Korea und in \u00d6sterreich.<\/p>\n<p>Durch den engen Kontakt mit dem Kukkiwon ist garantiert, dass unsere Mitglieder die Originaltechniken des Taekwondo erlernen k\u00f6nnen und auf dem neuesten Stand der Technik unterrichtet werden. Unsere Trainer sind erfahrene Experten mit einer langj\u00e4hrigen Praxis und im Besitz internationaler Zertifikate. Im Laufe der Jahre haben wir nicht nur viele Meisterschaften, Veranstaltungen und Seminare organisiert, wir haben auch eine gro\u00dfe Anzahl von Menschen nicht nur k\u00f6rperlich sondern in ihrer gesamten Pers\u00f6nlichkeit auf ein h\u00f6heres Niveau gehoben.<\/p>\n<p>Das verstehen wir unter Taekwondo &#8211; und darauf sind wir stolz.<\/p>\n<p><img fetchpriority=\"high\" decoding=\"async\" class=\"aligncenter wp-image-1198 size-large\" src=\"https:\/\/www.mudokwan.at\/mudowp\/wp-content\/uploads\/2017\/05\/MudoFightingSmallHell-1024x710.jpg\" width=\"1024\" height=\"710\" srcset=\"https:\/\/www.mudokwan.at\/mudowp\/wp-content\/uploads\/2017\/05\/MudoFightingSmallHell-1024x710.jpg 1024w, https:\/\/www.mudokwan.at\/mudowp\/wp-content\/uploads\/2017\/05\/MudoFightingSmallHell-600x416.jpg 600w, https:\/\/www.mudokwan.at\/mudowp\/wp-content\/uploads\/2017\/05\/MudoFightingSmallHell-300x208.jpg 300w, https:\/\/www.mudokwan.at\/mudowp\/wp-content\/uploads\/2017\/05\/MudoFightingSmallHell-768x533.jpg 768w, https:\/\/www.mudokwan.at\/mudowp\/wp-content\/uploads\/2017\/05\/MudoFightingSmallHell-830x576.jpg 830w, https:\/\/www.mudokwan.at\/mudowp\/wp-content\/uploads\/2017\/05\/MudoFightingSmallHell-230x160.jpg 230w, https:\/\/www.mudokwan.at\/mudowp\/wp-content\/uploads\/2017\/05\/MudoFightingSmallHell-350x243.jpg 350w, https:\/\/www.mudokwan.at\/mudowp\/wp-content\/uploads\/2017\/05\/MudoFightingSmallHell-480x333.jpg 480w, https:\/\/www.mudokwan.at\/mudowp\/wp-content\/uploads\/2017\/05\/MudoFightingSmallHell.jpg 1280w\" sizes=\"(max-width: 1024px) 100vw, 1024px\" \/><\/p>\n","protected":false},"excerpt":{"rendered":"<p>Die MUDOKWAN Sportschule war die erste Taekwondoschule in Wien. Am 1. Mai&nbsp;1978 hatten wir unsere Er\u00f6ffnungsvorf\u00fchrung, damals in der Seidengasse 27 im siebten Wiener Gemeindebezirk. 1975 hatte Dr. Norbert Mosch Gro\u00dfmeister Lee Kwang Bae als ersten Taekwondo Meister aus Korea geholt um Taekwondo in Wien bekannt zu machen.&nbsp;Der&nbsp; TANGUN TAEKWONDO CLUB WIEN&nbsp;wurde 1976 in der [&hellip;]<\/p>\n","protected":false},"author":1,"featured_media":0,"parent":0,"menu_order":0,"comment_status":"closed","ping_status":"closed","template":"page-templates\/page_fullwidth.php","meta":{"footnotes":""},"class_list":["post-742","page","type-page","status-publish","hentry"],"_links":{"self":[{"href":"https:\/\/www.mudokwan.at\/mudowp\/wp-json\/wp\/v2\/pages\/742","targetHints":{"allow":["GET"]}}],"collection":[{"href":"https:\/\/www.mudokwan.at\/mudowp\/wp-json\/wp\/v2\/pages"}],"about":[{"href":"https:\/\/www.mudokwan.at\/mudowp\/wp-json\/wp\/v2\/types\/page"}],"author":[{"embeddable":true,"href":"https:\/\/www.mudokwan.at\/mudowp\/wp-json\/wp\/v2\/users\/1"}],"replies":[{"embeddable":true,"href":"https:\/\/www.mudokwan.at\/mudowp\/wp-json\/wp\/v2\/comments?post=742"}],"version-history":[{"count":15,"href":"https:\/\/www.mudokwan.at\/mudowp\/wp-json\/wp\/v2\/pages\/742\/revisions"}],"predecessor-version":[{"id":3408,"href":"https:\/\/www.mudokwan.at\/mudowp\/wp-json\/wp\/v2\/pages\/742\/revisions\/3408"}],"wp:attachment":[{"href":"https:\/\/www.mudokwan.at\/mudowp\/wp-json\/wp\/v2\/media?parent=742"}],"curies":[{"name":"wp","href":"https:\/\/api.w.org\/{rel}","templated":true}]}}