{"id":745,"date":"2017-05-24T23:00:45","date_gmt":"2017-05-24T21:00:45","guid":{"rendered":"http:\/\/www.mudokwan.at\/mudowp\/?page_id=745"},"modified":"2025-06-06T20:10:41","modified_gmt":"2025-06-06T18:10:41","slug":"online-anmeldung","status":"publish","type":"page","link":"https:\/\/www.mudokwan.at\/mudowp\/online-anmeldung\/","title":{"rendered":"Online Anmeldung"},"content":{"rendered":"<div id=\"pl-745\"  class=\"panel-layout\" ><div id=\"pg-745-0\"  class=\"panel-grid panel-has-style\" ><div style=\"padding: 0px 0; \" class=\"panel-row-style panel-row-style-for-745-0\" ><div id=\"pgc-745-0-0\"  class=\"panel-grid-cell\" ><div id=\"panel-745-0-0-0\" class=\"so-panel widget widget_sow-editor panel-first-child panel-last-child\" data-index=\"0\" ><div\n\t\t\t\n\t\t\tclass=\"so-widget-sow-editor so-widget-sow-editor-base\"\n\t\t\t\n\t\t><h3 class=\"widget-title\">Anmeldung<\/h3>\n<div class=\"siteorigin-widget-tinymce textwidget\">\n\t<p>Wenn wir Sie von unserem Trainingsangebot \u00fcberzeugt haben k\u00f6nnen weitere Informationen telefonisch (0650\/300 1693) oder per Mail (<a href=\"mailto:office@mudokwan.at\">office@mudokwan.at<\/a>) erhalten. Eine Online-Anmeldung ist derzeit nicht m\u00f6glich. Sie k\u00f6nnen die Anmeldung auch pers\u00f6nlich vornehmen wenn Sie w\u00e4hrend unserer Trainingszeiten in eine unserer Trainingsst\u00e4tten kommen (<a href=\"https:\/\/www.mudokwan.at\/mudowp\/trainingszeiten\/\">siehe Trainingsplan<\/a>).<\/p>\n<p>Falls Sie noch nicht ganz sicher sind kommen Sie einfach <a href=\"http:\/\/www.mudokwan.at\/mudowp\/?page_id=747\">w\u00e4hrend unserer Trainingsstunden<\/a> vorbei und sehen Sie beim Training zu. Wenn Sie ein einmaliges Probetraining w\u00fcnschen hinterlegen Sie bitte \u20ac 15.- Kaution. Sie bekommen die Kaution bei einer nachfolgenden Anmeldung zur\u00fcck.<\/p>\n<p>Weitere Fragen beantworten wir gerne auch telefonisch unter 0650\/300 1693 oder Sie schreiben uns einfach ein Mail: <a href=\"mailto:office@mudokwan.at\">office@mudokwan.at<\/a>.<\/p>\n<\/div>\n<\/div><\/div><\/div><\/div><\/div><\/div>","protected":false},"excerpt":{"rendered":"<p>Wenn wir Sie von unserem Trainingsangebot \u00fcberzeugt haben k\u00f6nnen weitere Informationen telefonisch (0650\/300 1693) oder per Mail (office@mudokwan.at) erhalten. Eine Online-Anmeldung ist derzeit nicht m\u00f6glich. Sie k\u00f6nnen die Anmeldung auch pers\u00f6nlich vornehmen wenn Sie w\u00e4hrend unserer Trainingszeiten in eine unserer Trainingsst\u00e4tten kommen (siehe Trainingsplan). Falls Sie noch nicht ganz sicher sind kommen Sie einfach w\u00e4hrend [&hellip;]<\/p>\n","protected":false},"author":1,"featured_media":0,"parent":0,"menu_order":0,"comment_status":"closed","ping_status":"closed","template":"page-templates\/page_fullwidth.php","meta":{"footnotes":""},"class_list":["post-745","page","type-page","status-publish","hentry"],"_links":{"self":[{"href":"https:\/\/www.mudokwan.at\/mudowp\/wp-json\/wp\/v2\/pages\/745","targetHints":{"allow":["GET"]}}],"collection":[{"href":"https:\/\/www.mudokwan.at\/mudowp\/wp-json\/wp\/v2\/pages"}],"about":[{"href":"https:\/\/www.mudokwan.at\/mudowp\/wp-json\/wp\/v2\/types\/page"}],"author":[{"embeddable":true,"href":"https:\/\/www.mudokwan.at\/mudowp\/wp-json\/wp\/v2\/users\/1"}],"replies":[{"embeddable":true,"href":"https:\/\/www.mudokwan.at\/mudowp\/wp-json\/wp\/v2\/comments?post=745"}],"version-history":[{"count":29,"href":"https:\/\/www.mudokwan.at\/mudowp\/wp-json\/wp\/v2\/pages\/745\/revisions"}],"predecessor-version":[{"id":3572,"href":"https:\/\/www.mudokwan.at\/mudowp\/wp-json\/wp\/v2\/pages\/745\/revisions\/3572"}],"wp:attachment":[{"href":"https:\/\/www.mudokwan.at\/mudowp\/wp-json\/wp\/v2\/media?parent=745"}],"curies":[{"name":"wp","href":"https:\/\/api.w.org\/{rel}","templated":true}]}}