{"id":747,"date":"2017-05-24T23:01:09","date_gmt":"2017-05-24T21:01:09","guid":{"rendered":"http:\/\/www.mudokwan.at\/mudowp\/?page_id=747"},"modified":"2025-12-22T14:03:29","modified_gmt":"2025-12-22T13:03:29","slug":"trainingszeiten","status":"publish","type":"page","link":"https:\/\/www.mudokwan.at\/mudowp\/trainingszeiten\/","title":{"rendered":"Trainingszeiten"},"content":{"rendered":"<div id=\"pl-747\"  class=\"panel-layout\" ><div id=\"pg-747-0\"  class=\"panel-grid panel-has-style\" ><div style=\"padding: 0px 0; \" class=\"panel-row-style panel-row-style-for-747-0\" ><div id=\"pgc-747-0-0\"  class=\"panel-grid-cell\" ><div id=\"panel-747-0-0-0\" class=\"so-panel widget widget_sow-editor panel-first-child panel-last-child\" data-index=\"0\" ><div\n\t\t\t\n\t\t\tclass=\"so-widget-sow-editor so-widget-sow-editor-base\"\n\t\t\t\n\t\t><h3 class=\"widget-title\">MUDOKWAN Trainingszeiten<\/h3>\n<div class=\"siteorigin-widget-tinymce textwidget\">\n\t<div class=\"WordSection1\"><\/div>\n<div><span style=\"color: #ff0000;\"><strong>Trainingsplan ab 9. J\u00e4nner 2026:<\/strong><\/span><\/div>\n<p><strong><span style=\"font-size: medium;\">Training f\u00fcr Kinder:<\/span><\/strong><br \/>\nMontag: 16.30 - 17.30 in 1130, Altgasse 6 (Union Sportzentrum)<br \/>\nDonnerstag: 15.30 - 16.30 <span style=\"color: #ff0000;\"><strong>NUR F\u00dcR AIS-SCH\u00dcLER<\/strong><\/span> in: American International School, 1190, Salmannsdorferstra\u00dfe 47<br \/>\nFreitag: 16.00 - 17.00 in 1130, Altgasse 6 (Union Sportzentrum)<\/p>\n<p><strong>Training f\u00fcr Erwachsene:<\/strong><br \/>\nMontag: 17.30 - 18.30 in\u00a0 1130, Altgasse 6 (Union Sportzentrum)<br \/>\nDienstag: 18.00 - 19.00 <span style=\"color: #ff0000;\"><strong>NUR NACH VORANMELDUNG<\/strong><\/span> im MUDOKWAN Privatdojang (1090, Lackierergasse 4)<br \/>\nDonnerstag: 18.30 - 19.30 in 1150, Meiselstra\u00dfe 19<\/p>\n<p><strong><span style=\"font-size: medium;\">Training in Maria Anzbach<\/span><\/strong>: Dienstag von 17.00 - 18.00<\/p>\n<\/div>\n<\/div><\/div><\/div><\/div><\/div><\/div>","protected":false},"excerpt":{"rendered":"<p>Trainingsplan ab 9. J\u00e4nner 2026: Training f\u00fcr Kinder: Montag: 16.30 &#8211; 17.30 in 1130, Altgasse 6 (Union Sportzentrum) Donnerstag: 15.30 &#8211; 16.30 NUR F\u00dcR AIS-SCH\u00dcLER in: American International School, 1190, Salmannsdorferstra\u00dfe 47 Freitag: 16.00 &#8211; 17.00 in 1130, Altgasse 6 (Union Sportzentrum) Training f\u00fcr Erwachsene: Montag: 17.30 &#8211; 18.30 in\u00a0 1130, Altgasse 6 (Union Sportzentrum) [&hellip;]<\/p>\n","protected":false},"author":1,"featured_media":0,"parent":0,"menu_order":0,"comment_status":"closed","ping_status":"closed","template":"page-templates\/page_fullwidth.php","meta":{"footnotes":""},"class_list":["post-747","page","type-page","status-publish","hentry"],"_links":{"self":[{"href":"https:\/\/www.mudokwan.at\/mudowp\/wp-json\/wp\/v2\/pages\/747","targetHints":{"allow":["GET"]}}],"collection":[{"href":"https:\/\/www.mudokwan.at\/mudowp\/wp-json\/wp\/v2\/pages"}],"about":[{"href":"https:\/\/www.mudokwan.at\/mudowp\/wp-json\/wp\/v2\/types\/page"}],"author":[{"embeddable":true,"href":"https:\/\/www.mudokwan.at\/mudowp\/wp-json\/wp\/v2\/users\/1"}],"replies":[{"embeddable":true,"href":"https:\/\/www.mudokwan.at\/mudowp\/wp-json\/wp\/v2\/comments?post=747"}],"version-history":[{"count":69,"href":"https:\/\/www.mudokwan.at\/mudowp\/wp-json\/wp\/v2\/pages\/747\/revisions"}],"predecessor-version":[{"id":3594,"href":"https:\/\/www.mudokwan.at\/mudowp\/wp-json\/wp\/v2\/pages\/747\/revisions\/3594"}],"wp:attachment":[{"href":"https:\/\/www.mudokwan.at\/mudowp\/wp-json\/wp\/v2\/media?parent=747"}],"curies":[{"name":"wp","href":"https:\/\/api.w.org\/{rel}","templated":true}]}}