{"id":749,"date":"2017-05-24T23:01:35","date_gmt":"2017-05-24T21:01:35","guid":{"rendered":"http:\/\/www.mudokwan.at\/mudowp\/?page_id=749"},"modified":"2025-06-06T20:10:40","modified_gmt":"2025-06-06T18:10:40","slug":"mitgliedsbeitraege","status":"publish","type":"page","link":"https:\/\/www.mudokwan.at\/mudowp\/mitgliedsbeitraege\/","title":{"rendered":"Mitgliedsbeitr\u00e4ge"},"content":{"rendered":"<div id=\"pl-749\"  class=\"panel-layout\" ><div id=\"pg-749-0\"  class=\"panel-grid panel-has-style\" ><div style=\"padding: 0px 0; \" class=\"panel-row-style panel-row-style-for-749-0\" ><div id=\"pgc-749-0-0\"  class=\"panel-grid-cell\" ><div id=\"panel-749-0-0-0\" class=\"so-panel widget widget_sow-editor panel-first-child panel-last-child\" data-index=\"0\" ><div class=\"panel-widget-style panel-widget-style-for-749-0-0-0\" ><div\n\t\t\t\n\t\t\tclass=\"so-widget-sow-editor so-widget-sow-editor-base\"\n\t\t\t\n\t\t><h3 class=\"widget-title\">Mitgliedsbeitr\u00e4ge<\/h3>\n<div class=\"siteorigin-widget-tinymce textwidget\">\n\t<p><span style=\"color: #ff0000;\"><strong>Taekwondo<\/strong><\/span><br \/>\n<strong>a) Erwachsene<\/strong><br \/>\n24 Monate: \u20ac 70.-\/Monat\u00a0 \u00a0 bei Vorauszahlung: \u20ac 1512.- (-10%)<br \/>\n12 Monate: \u20ac 80.-\/Monat\u00a0 \u00a0 bei Vorauszahlung: \u20ac 864.- (-10%)<br \/>\n6 Monate: \u20ac 90.-\/Monat\u00a0 \u00a0 \u00a0 bei Vorauszahlung: \u20ac 486.- (-10%)<br \/>\nEinzelmonat: \u20ac 100.-<\/p>\n<p><strong>b) Kinder (bis 14 Jahre)<\/strong><br \/>\n24 Monate: \u20ac 60.-\/Monat\u00a0 \u00a0bei Vorauszahlung: \u20ac 1296.- (-10%)<br \/>\n12 Monate: \u20ac 70.-\/Monat\u00a0 \u00a0 bei Vorauszahlung: \u20ac 756.- (-10%)<br \/>\n6 Monate: \u20ac 80.-\/Monat\u00a0 \u00a0 \u00a0bei Vorauszahlung: \u20ac 432.- (-10%)<br \/>\nEinzelmonat: \u20ac 90.-<\/p>\n<p><strong>Alle Beitr\u00e4ge zuz\u00fcglich einmaliger Einschreibgeb\u00fchr<\/strong><br \/>\nErwachsene: \u20ac 95.-<br \/>\nKinder: \u20ac 50.-<\/p>\n<p><strong><span style=\"color: #ff0000;\">Privatstunden<\/span><\/strong><br \/>\nTrainingsleitung: Dr. Norbert Mosch, 9. Dan<br \/>\npro Person und Stunde: \u20ac 120.-<br \/>\nZehnerblock: \u20ac 1000.-<\/p>\n<p><span style=\"color: #ff0000;\"><strong>Hosinsul<\/strong><\/span><br \/>\nTrainingsleitung: Dr. Norbert Mosch, 9. Dan<br \/>\nEinzelstunde: \u20ac 120.-<br \/>\nZehnerblock: \u20ac 1000.-<\/p>\n<p><span style=\"color: #ff0000;\"><b>Nunchakukurs<br \/>\n<\/b><\/span> \u20ac 250.- (Kursdauer: 2 Monate) Beginn: <a href=\"http:\/\/www.mudokwan.at\/mudowp\/?page_id=761\">siehe hier<\/a><br \/>\nTrainingsleitung: Dr. Norbert Mosch, 9. Dan<br \/>\nEinzelstunde: \u20ac 120.-<br \/>\nZehnerblock: \u20ac 1000.-<\/p>\n<\/div>\n<\/div><\/div><\/div><\/div><\/div><\/div><\/div>","protected":false},"excerpt":{"rendered":"<p>Taekwondo a) Erwachsene 24 Monate: \u20ac 70.-\/Monat\u00a0 \u00a0 bei Vorauszahlung: \u20ac 1512.- (-10%) 12 Monate: \u20ac 80.-\/Monat\u00a0 \u00a0 bei Vorauszahlung: \u20ac 864.- (-10%) 6 Monate: \u20ac 90.-\/Monat\u00a0 \u00a0 \u00a0 bei Vorauszahlung: \u20ac 486.- (-10%) Einzelmonat: \u20ac 100.- b) Kinder (bis 14 Jahre) 24 Monate: \u20ac 60.-\/Monat\u00a0 \u00a0bei Vorauszahlung: \u20ac 1296.- (-10%) 12 Monate: \u20ac 70.-\/Monat\u00a0 [&hellip;]<\/p>\n","protected":false},"author":1,"featured_media":0,"parent":0,"menu_order":0,"comment_status":"closed","ping_status":"closed","template":"page-templates\/page_fullwidth.php","meta":{"footnotes":""},"class_list":["post-749","page","type-page","status-publish","hentry"],"_links":{"self":[{"href":"https:\/\/www.mudokwan.at\/mudowp\/wp-json\/wp\/v2\/pages\/749","targetHints":{"allow":["GET"]}}],"collection":[{"href":"https:\/\/www.mudokwan.at\/mudowp\/wp-json\/wp\/v2\/pages"}],"about":[{"href":"https:\/\/www.mudokwan.at\/mudowp\/wp-json\/wp\/v2\/types\/page"}],"author":[{"embeddable":true,"href":"https:\/\/www.mudokwan.at\/mudowp\/wp-json\/wp\/v2\/users\/1"}],"replies":[{"embeddable":true,"href":"https:\/\/www.mudokwan.at\/mudowp\/wp-json\/wp\/v2\/comments?post=749"}],"version-history":[{"count":21,"href":"https:\/\/www.mudokwan.at\/mudowp\/wp-json\/wp\/v2\/pages\/749\/revisions"}],"predecessor-version":[{"id":3494,"href":"https:\/\/www.mudokwan.at\/mudowp\/wp-json\/wp\/v2\/pages\/749\/revisions\/3494"}],"wp:attachment":[{"href":"https:\/\/www.mudokwan.at\/mudowp\/wp-json\/wp\/v2\/media?parent=749"}],"curies":[{"name":"wp","href":"https:\/\/api.w.org\/{rel}","templated":true}]}}