{"id":751,"date":"2017-05-24T23:02:25","date_gmt":"2017-05-24T21:02:25","guid":{"rendered":"http:\/\/www.mudokwan.at\/mudowp\/?page_id=751"},"modified":"2025-06-06T20:10:40","modified_gmt":"2025-06-06T18:10:40","slug":"akupunktur","status":"publish","type":"page","link":"https:\/\/www.mudokwan.at\/mudowp\/akupunktur\/","title":{"rendered":"Akupunktur"},"content":{"rendered":"<div id=\"pl-751\"  class=\"panel-layout\" ><div id=\"pg-751-0\"  class=\"panel-grid panel-has-style\" ><div style=\"padding: 0px 0; \" class=\"panel-row-style panel-row-style-for-751-0\" ><div id=\"pgc-751-0-0\"  class=\"panel-grid-cell\" ><div id=\"panel-751-0-0-0\" class=\"so-panel widget widget_sow-editor panel-first-child panel-last-child\" data-index=\"0\" ><div\n\t\t\t\n\t\t\tclass=\"so-widget-sow-editor so-widget-sow-editor-base\"\n\t\t\t\n\t\t><h3 class=\"widget-title\">Akupunktur<\/h3>\n<div class=\"siteorigin-widget-tinymce textwidget\">\n\t<p>Akupunktur hat sich als alternative Behandlungsmethode in vielen F\u00e4llen etabliert. Sie kann entweder unterst\u00fctzend zu Medikamenten oder als Ersatztherapie in bestimmten F\u00e4llen angewendet werden. Die Ergebnisse die damit erzielt werden k\u00f6nnen sind oft erstaunlich. Die Vorteile einer Akupunkturbehandlung liegen haupts\u00e4chlich in der Vermeidung von medikament\u00f6sen Nebenwirkungen und in der ganzheitlichen Zugangsweise zum Patienten. Nicht umsonst kann die Akupunkturmethode auf tausende Jahre Erfahrung zur\u00fcckblicken.<\/p>\n<\/div>\n<\/div><\/div><\/div><\/div><\/div><div id=\"pg-751-1\"  class=\"panel-grid panel-has-style\" ><div style=\"padding: 30px 0; \" class=\"panel-row-style panel-row-style-for-751-1\" ><div id=\"pgc-751-1-0\"  class=\"panel-grid-cell\" ><div id=\"panel-751-1-0-0\" class=\"so-panel widget widget_sow-editor panel-first-child panel-last-child\" data-index=\"1\" ><div\n\t\t\t\n\t\t\tclass=\"so-widget-sow-editor so-widget-sow-editor-base\"\n\t\t\t\n\t\t><h3 class=\"widget-title\">Koreanische Handakupunktur<\/h3>\n<div class=\"siteorigin-widget-tinymce textwidget\">\n\t<p><img decoding=\"async\" class=\"alignnone size-full wp-image-1105 aligncenter\" src=\"http:\/\/www.mudokwan.at\/mudowp\/wp-content\/uploads\/2017\/05\/turtle.gif\" alt=\"\" width=\"99\" height=\"134\" \/><\/p>\n<p>Die Koreanische Handakupunktur ist eine Spezialmethode der Akupunkturbehandlung. Wie der Name schon sagt, werden dabei Akupunkturtechniken in der Hand angewendet. S\u00e4mtliche Akupunkturpunkte des K\u00f6rpers, sowie alle Meridiane k\u00f6nnen in der Hand gefunden werden. Das hat Dr. Yu, Tae Woo, ein koreanischer Akupunkteur, im Jahr 1971 entdeckt. Mittlerweile wird in vielen L\u00e4ndern diese Methode verwendet\u00a0und sie\u00a0bietet einige Vorteile:<\/p>\n<ol>\n<li>Die Handakupunktur ist ohne besondere Vorbereitungen durchzuf\u00fchren, weil die H\u00e4nde des Patienten f\u00fcr den behandelnden Arzt sozusagen leicht zug\u00e4nglich sind.<\/li>\n<li>Die Wirkung der Akupunktur ist stark und setzt schnell ein, wobei kaum Nebenwirkungen auftreten.<\/li>\n<li>Handakupunktur ist gefahrlos, weil es nicht zu direkten Organverletzungen durch die Akupunktur kommen kann. Au\u00dferdem ist die Technik der Nadelung einfach.<\/li>\n<li>Die Handakupunktur ist nicht nur eine Lokaltherapie, sondern eine gesamtheitliche\u00a0Regulationstherapie der Organe, weil alle Meridiane oder ihre korrespondierenden Partner in der Hand liegen.<\/li>\n<li>Durch die Verwendung spezieller kleinerer Nadeln die auch nicht so tief eingestochen werden ist die Behandlung f\u00fcr den Patienten angenehmer.<\/li>\n<\/ol>\n<\/div>\n<\/div><\/div><\/div><\/div><\/div><div id=\"pg-751-2\"  class=\"panel-grid panel-has-style\" ><div style=\"padding: 0px 0; \" class=\"panel-row-style panel-row-style-for-751-2\" ><div id=\"pgc-751-2-0\"  class=\"panel-grid-cell\" ><div id=\"panel-751-2-0-0\" class=\"so-panel widget widget_sow-editor panel-first-child panel-last-child\" data-index=\"2\" ><div\n\t\t\t\n\t\t\tclass=\"so-widget-sow-editor so-widget-sow-editor-base\"\n\t\t\t\n\t\t><h3 class=\"widget-title\">Dr. You Song Mosch-Kang<\/h3>\n<div class=\"siteorigin-widget-tinymce textwidget\">\n\t<p><img fetchpriority=\"high\" fetchpriority=\"high\" decoding=\"async\" class=\"size-medium wp-image-563 aligncenter\" src=\"http:\/\/www.mudokwan.at\/mudowp\/wp-content\/uploads\/2015\/03\/YSAkupunktur2-300x173.jpg\" alt=\"\" width=\"300\" height=\"173\" srcset=\"https:\/\/www.mudokwan.at\/mudowp\/wp-content\/uploads\/2015\/03\/YSAkupunktur2-300x173.jpg 300w, https:\/\/www.mudokwan.at\/mudowp\/wp-content\/uploads\/2015\/03\/YSAkupunktur2-600x346.jpg 600w, https:\/\/www.mudokwan.at\/mudowp\/wp-content\/uploads\/2015\/03\/YSAkupunktur2-768x443.jpg 768w, https:\/\/www.mudokwan.at\/mudowp\/wp-content\/uploads\/2015\/03\/YSAkupunktur2-1024x591.jpg 1024w, https:\/\/www.mudokwan.at\/mudowp\/wp-content\/uploads\/2015\/03\/YSAkupunktur2-830x479.jpg 830w, https:\/\/www.mudokwan.at\/mudowp\/wp-content\/uploads\/2015\/03\/YSAkupunktur2-230x133.jpg 230w, https:\/\/www.mudokwan.at\/mudowp\/wp-content\/uploads\/2015\/03\/YSAkupunktur2-350x202.jpg 350w, https:\/\/www.mudokwan.at\/mudowp\/wp-content\/uploads\/2015\/03\/YSAkupunktur2-480x277.jpg 480w, https:\/\/www.mudokwan.at\/mudowp\/wp-content\/uploads\/2015\/03\/YSAkupunktur2.jpg 1280w\" sizes=\"(max-width: 300px) 100vw, 300px\" \/><\/p>\n<div class=\"wp-caption-dd\">\u00a0<\/div>\n<div class=\"wp-caption-dd\">Dr. You Song Mosch-Kang hat sich auf die Anwendung von Akupunktur - und besonders der Koreanischen Handakupunktur - spezialisiert. In ihrer Privatordination finden Patienten Erleichterung bei akuten und chronischen Beschwerden durch fachgerechte Akupunkturbehandlung. Dr. Mosch-Kang absolvierte Fachausbildungen in \u00d6sterreich und Korea und ist auch im Rahmen der Fach\u00e4rzteausbildung der <a href=\"http:\/\/www.akupunktur.at\" target=\"_blank\" rel=\"noopener\">\u00d6sterreichischen Gesellschaft f\u00fcr Akupunktur <\/a>(\u00d6GA)\u00a0als Referentin t\u00e4tig. Au\u00dferdem geh\u00f6rte sie dem TAM-Beirat des \u00f6sterreichischen Gesundheitsministeriums an.<\/div>\n<div class=\"wp-caption-dd\">\u00a0<\/div>\n<div class=\"wp-caption-dd\" style=\"text-align: center;\"><strong>Terminvereinbarung f\u00fcr Akupunkturbehandlungen:<\/strong><\/div>\n<div class=\"wp-caption-dd\" style=\"text-align: center;\">jeweils Donnerstag zwischen 15.00 und 18.00 Uhr<\/div>\n<div class=\"wp-caption-dd\" style=\"text-align: center;\"><strong>(01) 526 89 76<\/strong><\/div>\n<\/div>\n<\/div><\/div><\/div><\/div><\/div><\/div>","protected":false},"excerpt":{"rendered":"<p>Akupunktur hat sich als alternative Behandlungsmethode in vielen F\u00e4llen etabliert. Sie kann entweder unterst\u00fctzend zu Medikamenten oder als Ersatztherapie in bestimmten F\u00e4llen angewendet werden. Die Ergebnisse die damit erzielt werden k\u00f6nnen sind oft erstaunlich. Die Vorteile einer Akupunkturbehandlung liegen haupts\u00e4chlich in der Vermeidung von medikament\u00f6sen Nebenwirkungen und in der ganzheitlichen Zugangsweise zum Patienten. Nicht umsonst [&hellip;]<\/p>\n","protected":false},"author":1,"featured_media":0,"parent":0,"menu_order":0,"comment_status":"closed","ping_status":"closed","template":"page-templates\/page_fullwidth.php","meta":{"footnotes":""},"class_list":["post-751","page","type-page","status-publish","hentry"],"_links":{"self":[{"href":"https:\/\/www.mudokwan.at\/mudowp\/wp-json\/wp\/v2\/pages\/751","targetHints":{"allow":["GET"]}}],"collection":[{"href":"https:\/\/www.mudokwan.at\/mudowp\/wp-json\/wp\/v2\/pages"}],"about":[{"href":"https:\/\/www.mudokwan.at\/mudowp\/wp-json\/wp\/v2\/types\/page"}],"author":[{"embeddable":true,"href":"https:\/\/www.mudokwan.at\/mudowp\/wp-json\/wp\/v2\/users\/1"}],"replies":[{"embeddable":true,"href":"https:\/\/www.mudokwan.at\/mudowp\/wp-json\/wp\/v2\/comments?post=751"}],"version-history":[{"count":25,"href":"https:\/\/www.mudokwan.at\/mudowp\/wp-json\/wp\/v2\/pages\/751\/revisions"}],"predecessor-version":[{"id":3390,"href":"https:\/\/www.mudokwan.at\/mudowp\/wp-json\/wp\/v2\/pages\/751\/revisions\/3390"}],"wp:attachment":[{"href":"https:\/\/www.mudokwan.at\/mudowp\/wp-json\/wp\/v2\/media?parent=751"}],"curies":[{"name":"wp","href":"https:\/\/api.w.org\/{rel}","templated":true}]}}