{"id":761,"date":"2017-05-24T23:16:51","date_gmt":"2017-05-24T21:16:51","guid":{"rendered":"http:\/\/www.mudokwan.at\/mudowp\/?page_id=761"},"modified":"2025-06-06T20:10:40","modified_gmt":"2025-06-06T18:10:40","slug":"kurse-und-seminare","status":"publish","type":"page","link":"https:\/\/www.mudokwan.at\/mudowp\/kurse-und-seminare\/","title":{"rendered":"Kurse und Seminare"},"content":{"rendered":"<div id=\"pl-761\"  class=\"panel-layout\" ><div id=\"pg-761-0\"  class=\"panel-grid panel-has-style\" ><div style=\"padding: 0px 0; \" class=\"panel-row-style panel-row-style-for-761-0\" ><div id=\"pgc-761-0-0\"  class=\"panel-grid-cell\" ><div id=\"panel-761-0-0-0\" class=\"so-panel widget widget_sow-editor panel-first-child panel-last-child\" data-index=\"0\" ><div\n\t\t\t\n\t\t\tclass=\"so-widget-sow-editor so-widget-sow-editor-base\"\n\t\t\t\n\t\t><h3 class=\"widget-title\">Kurse und Seminare<\/h3>\n<div class=\"siteorigin-widget-tinymce textwidget\">\n\t<hr \/>\n<h3><span style=\"color: #ff0000;\">Spezial-Selbstverteidigung f\u00fcr Damen<\/span><\/h3>\n<p>Trainingsleitung: Mag. Sora Hege, 4. Dan Taekwondo, Dr. Norbert Mosch, 9. Dan Taekwondo<\/p>\n<p>Spezielle \u00dcbungen zur praktischen Selbstverteidigung. Schlagpratzen- und Sandsacktraining. Realistische \u00dcbungsbeispiele mit Partner. Schmerz- und Druckpunkte am K\u00f6rper und wie man sie verwendet.<\/p>\n<p>Jeweils drei Termine auf Anfrage. Mindestteilnehmerzahl: 4 Personen.<\/p>\n<p><strong>Einige Kommentare bisheriger Teilnehmerinnen:<\/strong><br \/>\n<em>\u201esehr vielseitig, gut strukturiert, auf alle W\u00fcnsche eingegangen\u2026\u201c<\/em><br \/>\n<em> \u201esehr guter Kurs!\u201c<\/em><br \/>\n<em> \u201ekompetente, nette Vortragende, einfach SUUPER!\u201c<\/em><br \/>\n<em> \u201epers\u00f6nliche Betreuung, kleine Gruppe, Videoanalyse, f\u00fcr den Anfang perfekt.\u201c<\/em><br \/>\n<em> \u201eviel Praxis und Schlagen auf P\u00f6lster, kompetent, lustig\u2026\u201c<\/em><\/p>\n<p><strong>Kosten: \u20ac 290.- f\u00fcr alle drei Termine<\/strong>.<br \/>\nAnfragen und Anmeldungen pers\u00f6nlich in der MUDOKWAN Sportschule oder per Email (<a href=\"mailto:office@mudokwan.at\">office@mudokwan.at<\/a>).<\/p>\n<hr \/>\n<h3><span style=\"color: #ff0000;\">Nunchaku Kurs<\/span><\/h3>\n<p>Spezialkurs Wochenende<br \/>\n<b>Dauer:<\/b> zwei Tage<br \/>\n<span style=\"color: #ff0000;\">Samstag, 10.00 - 12.00 und 13.00 - 16.00<\/span><br \/>\n<span style=\"color: #ff0000;\">Sonntag, 10.00 \u2013 12.00<\/span><\/p>\n<p>Konkrete Termine auf Anfrage.<\/p>\n<p><b>Trainingsort:<\/b> MUDOKWAN Privatdojang, 1090, Lackierergasse 4<br \/>\n<b>Kosten:<\/b> \u20ac 195.-\u00a0 (Mindestteilnehmerzahl: 2 Personen)<br \/>\n<a href=\"http:\/\/www.mudokwan.at\/mudowp\/?page_id=745\">Online-Anmeldung hier<\/a><\/p>\n<hr \/>\n<h3><span style=\"color: #ff0000;\">Taekwondo Privattraining<\/span><\/h3>\n<p>Privatstunden f\u00fcr intensives und pers\u00f6nliches Training:<br \/>\nTrainingsstunden nach Vereinbarung, \u20ac 120.- pro Stunde, Zehnerblock: \u20ac 1.000.-<br \/>\n<a href=\"http:\/\/www.mudokwan.at\/mudowp\/?page_id=745\">Online-Anmeldung hier<\/a><\/p>\n<\/div>\n<\/div><\/div><\/div><\/div><\/div><\/div>","protected":false},"excerpt":{"rendered":"<p>Spezial-Selbstverteidigung f\u00fcr Damen Trainingsleitung: Mag. Sora Hege, 4. Dan Taekwondo, Dr. Norbert Mosch, 9. Dan Taekwondo Spezielle \u00dcbungen zur praktischen Selbstverteidigung. Schlagpratzen- und Sandsacktraining. Realistische \u00dcbungsbeispiele mit Partner. Schmerz- und Druckpunkte am K\u00f6rper und wie man sie verwendet. Jeweils drei Termine auf Anfrage. Mindestteilnehmerzahl: 4 Personen. Einige Kommentare bisheriger Teilnehmerinnen: \u201esehr vielseitig, gut strukturiert, auf [&hellip;]<\/p>\n","protected":false},"author":1,"featured_media":0,"parent":0,"menu_order":0,"comment_status":"closed","ping_status":"closed","template":"page-templates\/page_fullwidth.php","meta":{"footnotes":""},"class_list":["post-761","page","type-page","status-publish","hentry"],"_links":{"self":[{"href":"https:\/\/www.mudokwan.at\/mudowp\/wp-json\/wp\/v2\/pages\/761","targetHints":{"allow":["GET"]}}],"collection":[{"href":"https:\/\/www.mudokwan.at\/mudowp\/wp-json\/wp\/v2\/pages"}],"about":[{"href":"https:\/\/www.mudokwan.at\/mudowp\/wp-json\/wp\/v2\/types\/page"}],"author":[{"embeddable":true,"href":"https:\/\/www.mudokwan.at\/mudowp\/wp-json\/wp\/v2\/users\/1"}],"replies":[{"embeddable":true,"href":"https:\/\/www.mudokwan.at\/mudowp\/wp-json\/wp\/v2\/comments?post=761"}],"version-history":[{"count":70,"href":"https:\/\/www.mudokwan.at\/mudowp\/wp-json\/wp\/v2\/pages\/761\/revisions"}],"predecessor-version":[{"id":3548,"href":"https:\/\/www.mudokwan.at\/mudowp\/wp-json\/wp\/v2\/pages\/761\/revisions\/3548"}],"wp:attachment":[{"href":"https:\/\/www.mudokwan.at\/mudowp\/wp-json\/wp\/v2\/media?parent=761"}],"curies":[{"name":"wp","href":"https:\/\/api.w.org\/{rel}","templated":true}]}}