{"id":872,"date":"2017-05-25T16:50:23","date_gmt":"2017-05-25T14:50:23","guid":{"rendered":"http:\/\/www.mudokwan.at\/mudowp\/?page_id=872"},"modified":"2026-01-13T15:47:14","modified_gmt":"2026-01-13T14:47:14","slug":"pruefungstermine","status":"publish","type":"page","link":"https:\/\/www.mudokwan.at\/mudowp\/pruefungstermine\/","title":{"rendered":"Pr\u00fcfungstermine"},"content":{"rendered":"<div id=\"pl-872\"  class=\"panel-layout\" ><div id=\"pg-872-0\"  class=\"panel-grid panel-has-style\" ><div class=\"siteorigin-panels-stretch sydney-stretch panel-row-style panel-row-style-for-872-0\" style=\"padding: 0px 0; \" data-stretch-type=\"full\" ><div id=\"pgc-872-0-0\"  class=\"panel-grid-cell\" ><div id=\"panel-872-0-0-0\" class=\"so-panel widget widget_sow-editor panel-first-child panel-last-child\" data-index=\"0\" ><div\n\t\t\t\n\t\t\tclass=\"so-widget-sow-editor so-widget-sow-editor-base\"\n\t\t\t\n\t\t>\n<div class=\"siteorigin-widget-tinymce textwidget\">\n\t<h4 style=\"text-align: center;\"><span style=\"color: #ff0000;\"><b>Taekwondo-Pr\u00fcfungstermine f\u00fcr 2025<\/b>:<\/span><\/h4>\n<p style=\"text-align: center;\">Donnerstag, 12. M\u00e4rz 2026 (1150, Meiselstra\u00dfe 19)<\/p>\n<p class=\"bodytext\" style=\"text-align: center;\">Donnerstag, 14. Mai 2026 (1150, Meiselstra\u00dfe 19)<\/p>\n<p class=\"bodytext\" style=\"text-align: center;\">Sonntag, 5. Juli 2026 Sommertrainingslager (St. Martin)<\/p>\n<p class=\"bodytext\" style=\"text-align: center;\">Donnerstag, 15. Oktober 2026 (1150, Meiselstra\u00dfe 19)<\/p>\n<p class=\"bodytext\" style=\"text-align: center;\">Donnerstag, 17. Dezember. 2026 (1150, Meiselstra\u00dfe 19)<\/p>\n<\/div>\n<\/div><\/div><\/div><\/div><\/div><div id=\"pg-872-1\"  class=\"panel-grid panel-has-style\" ><div class=\"siteorigin-panels-stretch sydney-stretch panel-row-style panel-row-style-for-872-1\" style=\"padding: 30px 0; \" data-stretch-type=\"full\" ><div id=\"pgc-872-1-0\"  class=\"panel-grid-cell panel-grid-cell-empty\" ><\/div><\/div><\/div><\/div>","protected":false},"excerpt":{"rendered":"<p>Taekwondo-Pr\u00fcfungstermine f\u00fcr 2025: Donnerstag, 12. M\u00e4rz 2026 (1150, Meiselstra\u00dfe 19) Donnerstag, 14. Mai 2026 (1150, Meiselstra\u00dfe 19) Sonntag, 5. Juli 2026 Sommertrainingslager (St. Martin) Donnerstag, 15. Oktober 2026 (1150, Meiselstra\u00dfe 19) Donnerstag, 17. Dezember. 2026 (1150, Meiselstra\u00dfe 19)<\/p>\n","protected":false},"author":1,"featured_media":0,"parent":0,"menu_order":0,"comment_status":"closed","ping_status":"closed","template":"page-templates\/page_fullwidth.php","meta":{"footnotes":""},"class_list":["post-872","page","type-page","status-publish","hentry"],"_links":{"self":[{"href":"https:\/\/www.mudokwan.at\/mudowp\/wp-json\/wp\/v2\/pages\/872","targetHints":{"allow":["GET"]}}],"collection":[{"href":"https:\/\/www.mudokwan.at\/mudowp\/wp-json\/wp\/v2\/pages"}],"about":[{"href":"https:\/\/www.mudokwan.at\/mudowp\/wp-json\/wp\/v2\/types\/page"}],"author":[{"embeddable":true,"href":"https:\/\/www.mudokwan.at\/mudowp\/wp-json\/wp\/v2\/users\/1"}],"replies":[{"embeddable":true,"href":"https:\/\/www.mudokwan.at\/mudowp\/wp-json\/wp\/v2\/comments?post=872"}],"version-history":[{"count":40,"href":"https:\/\/www.mudokwan.at\/mudowp\/wp-json\/wp\/v2\/pages\/872\/revisions"}],"predecessor-version":[{"id":3600,"href":"https:\/\/www.mudokwan.at\/mudowp\/wp-json\/wp\/v2\/pages\/872\/revisions\/3600"}],"wp:attachment":[{"href":"https:\/\/www.mudokwan.at\/mudowp\/wp-json\/wp\/v2\/media?parent=872"}],"curies":[{"name":"wp","href":"https:\/\/api.w.org\/{rel}","templated":true}]}}