{"id":991,"date":"2017-05-26T11:44:40","date_gmt":"2017-05-26T09:44:40","guid":{"rendered":"http:\/\/www.mudokwan.at\/mudowp\/?page_id=991"},"modified":"2025-06-06T20:11:14","modified_gmt":"2025-06-06T18:11:14","slug":"korea-2015","status":"publish","type":"page","link":"https:\/\/www.mudokwan.at\/mudowp\/trainingsreisen\/korea-2015\/","title":{"rendered":"Korea 2015"},"content":{"rendered":"<div id=\"pl-991\"  class=\"panel-layout\" ><div id=\"pg-991-0\"  class=\"panel-grid panel-has-style\" ><div style=\"padding: 0px 0; \" class=\"panel-row-style panel-row-style-for-991-0\" ><div id=\"pgc-991-0-0\"  class=\"panel-grid-cell\" ><div id=\"panel-991-0-0-0\" class=\"so-panel widget widget_sow-editor panel-first-child panel-last-child\" data-index=\"0\" ><div\n\t\t\t\n\t\t\tclass=\"so-widget-sow-editor so-widget-sow-editor-base\"\n\t\t\t\n\t\t><h3 class=\"widget-title\">Korea 2015<\/h3>\n<div class=\"siteorigin-widget-tinymce textwidget\">\n\t<p><!-- .entry-header --><\/p>\n<div class=\"entry-content\">\n<p><a href=\"https:\/\/mudoinfo.files.wordpress.com\/2015\/03\/wasserfallweb.jpg\" target=\"_blank\" rel=\"noopener\"><img fetchpriority=\"high\" fetchpriority=\"high\" decoding=\"async\" class=\"alignnone size-medium wp-image-166\" src=\"https:\/\/mudoinfo.files.wordpress.com\/2015\/03\/wasserfallweb.jpg?w=300&amp;h=225\" sizes=\"(max-width: 300px) 100vw, 300px\" alt=\"WasserfallWeb\" width=\"300\" height=\"225\" data-attachment-id=\"166\" data-permalink=\"https:\/\/mudoinfo.wordpress.com\/trainingsreisen\/korea-2015\/wasserfallweb\/#main\" data-orig-file=\"https:\/\/mudoinfo.files.wordpress.com\/2015\/03\/wasserfallweb.jpg\" data-orig-size=\"640,480\" data-comments-opened=\"1\" data-image-meta=\"{&quot;aperture&quot;:&quot;0&quot;,&quot;credit&quot;:&quot;&quot;,&quot;camera&quot;:&quot;&quot;,&quot;caption&quot;:&quot;&quot;,&quot;created_timestamp&quot;:&quot;0&quot;,&quot;copyright&quot;:&quot;SAMSUNG MINIKET&quot;,&quot;focal_length&quot;:&quot;0&quot;,&quot;iso&quot;:&quot;0&quot;,&quot;shutter_speed&quot;:&quot;0&quot;,&quot;title&quot;:&quot;&quot;,&quot;orientation&quot;:&quot;0&quot;}\" data-image-title=\"WasserfallWeb\" data-image-description=\"\" data-medium-file=\"https:\/\/mudoinfo.files.wordpress.com\/2015\/03\/wasserfallweb.jpg?w=300&amp;h=225\" data-large-file=\"https:\/\/mudoinfo.files.wordpress.com\/2015\/03\/wasserfallweb.jpg?w=640\" \/><\/a><\/p>\n<p>Vom 8. bis 20. Juli lernte eine Gruppe der MUDOKWAN Schule die vielf\u00e4ltigen Seiten Koreas kennen. Die ersten Tage verbrachte man in Seoul, wo neben verschiedenen Sehensw\u00fcrdigkeiten nat\u00fcrlich das Kukkiwon an oberster Stelle des Programms stand. Nach einem abschlie\u00dfenden Mittagessen im Hard Rock Cafe Seoul ging es am 13. Juli nach Gimje in Zentralkorea. Zweimal \u00fcbernachtete die Gruppe in einem traditionellen koreanischen Anwesen: zwar mit gewohntem Komfort wie Klimaanlage, TV und modernem Badezimmer, aber ungewohnt auf koreanischen Bodenbetten. Tags\u00fcber gab es Ausfl\u00fcge nach Jeonju und Muju.<\/p>\n<p>Danach blieben\u00a0wir zwei Tage im Taekwondowon in Muju, dem wohl modernsten und gr\u00f6\u00dften Taekwondo-Trainingskomplex weltweit. Museum, Stadion, Trainingsr\u00e4ume und das hypermoderne \u201eYAP!\u201c-Trainingszentrum standen auf dem Programm. Eine Taekwondo-Demo und eine Trainingsstunde gemeinsam mit anderen Besuchern durften auch nicht fehlen. Am 16. Juli flogen wir schlie\u00dflich f\u00fcr vier Tage nach Jejudo. Viele Besichtigungen, z.B. eine Lava-H\u00f6hle, das Steinmuseum, die Hauptstadt Jeju City, unz\u00e4hlige Restaurants mit lokalen Spezialit\u00e4ten sowie zweimalige Strand-Nachmittage lie\u00dfen die Tage schnell vergehen. Zum Abschluss gab es noch eine anstrengende Besteigung des Halla-San, des zentralen Vulkans der Insel Jeju.<\/p>\n<p>Am 20. Juli war die Reise f\u00fcr die Teilnehmer vorbei, sie wurden am Flughafen Incheon verabschiedet und traten den R\u00fcckflug nach Wien an. F\u00fcr Dr. Mosch begann am gleichen Tag ein anstrengendes Trainingsprogramm in Muju und Seoul\u2026 aber das ist eine andere Geschichte\u2026<\/p>\n<\/div>\n<\/div>\n<\/div><\/div><\/div><\/div><\/div><\/div>","protected":false},"excerpt":{"rendered":"<p>Vom 8. bis 20. Juli lernte eine Gruppe der MUDOKWAN Schule die vielf\u00e4ltigen Seiten Koreas kennen. Die ersten Tage verbrachte man in Seoul, wo neben verschiedenen Sehensw\u00fcrdigkeiten nat\u00fcrlich das Kukkiwon an oberster Stelle des Programms stand. Nach einem abschlie\u00dfenden Mittagessen im Hard Rock Cafe Seoul ging es am 13. Juli nach Gimje in Zentralkorea. Zweimal [&hellip;]<\/p>\n","protected":false},"author":1,"featured_media":0,"parent":753,"menu_order":0,"comment_status":"closed","ping_status":"closed","template":"page-templates\/page_fullwidth.php","meta":{"footnotes":""},"class_list":["post-991","page","type-page","status-publish","hentry"],"_links":{"self":[{"href":"https:\/\/www.mudokwan.at\/mudowp\/wp-json\/wp\/v2\/pages\/991","targetHints":{"allow":["GET"]}}],"collection":[{"href":"https:\/\/www.mudokwan.at\/mudowp\/wp-json\/wp\/v2\/pages"}],"about":[{"href":"https:\/\/www.mudokwan.at\/mudowp\/wp-json\/wp\/v2\/types\/page"}],"author":[{"embeddable":true,"href":"https:\/\/www.mudokwan.at\/mudowp\/wp-json\/wp\/v2\/users\/1"}],"replies":[{"embeddable":true,"href":"https:\/\/www.mudokwan.at\/mudowp\/wp-json\/wp\/v2\/comments?post=991"}],"version-history":[{"count":2,"href":"https:\/\/www.mudokwan.at\/mudowp\/wp-json\/wp\/v2\/pages\/991\/revisions"}],"predecessor-version":[{"id":993,"href":"https:\/\/www.mudokwan.at\/mudowp\/wp-json\/wp\/v2\/pages\/991\/revisions\/993"}],"up":[{"embeddable":true,"href":"https:\/\/www.mudokwan.at\/mudowp\/wp-json\/wp\/v2\/pages\/753"}],"wp:attachment":[{"href":"https:\/\/www.mudokwan.at\/mudowp\/wp-json\/wp\/v2\/media?parent=991"}],"curies":[{"name":"wp","href":"https:\/\/api.w.org\/{rel}","templated":true}]}}